{"id":87356,"date":"2017-07-01T13:29:01","date_gmt":"2017-07-01T13:29:01","guid":{"rendered":"http:\/\/www.ceramictiles.com\/srbija\/product\/vidrio-cobre-mix\/"},"modified":"2025-12-31T00:00:10","modified_gmt":"2025-12-31T00:00:10","slug":"vidrio-cobre-mix","status":"publish","type":"product","link":"https:\/\/www.keramika.com\/srbija\/vidrio-cobre-mix\/","title":{"rendered":"Vidrio Cobre Mix"},"content":{"rendered":"<p>Veoma moderan mozaik, dominantne braon boje, oboga\u0107uje savki prostor. Dimenzije mre\u017ee na koju je pritvr\u0111en mozaik je 32,7&#215;32,7 cm. Mre\u017ea omogu\u0107ava jednostavnu instalaciju. Na na\u0161em sajtu, \u0107e te dobiti mozaik za samo 2162 RSD, dok je u maloprodaji 2702,5 RSD. Mozaik je debljine 6 mm, \u0161to ga \u010dini izuzetno tvrdim. Vidrio Cobre Mix je proizvod iz \u0160panije te je izuzetno kvalitetna.<\/p>\n","protected":false},"excerpt":{"rendered":"<p>Veoma moderan mozaik, dominantne braon boje, oboga\u0107uje savki prostor. Dimenzije mre\u017ee na koju je pritvr\u0111en mozaik je 32,7&#215;32,7 cm. Mre\u017ea omogu\u0107ava jednostavnu instalaciju. Na na\u0161em sajtu, \u0107e te dobiti mozaik za samo 2162 RSD, dok je u maloprodaji 2702,5 RSD. Mozaik je debljine 6 mm, \u0161to ga \u010dini izuzetno tvrdim. Vidrio Cobre Mix je proizvod [&hellip;]<\/p>\n","protected":false},"featured_media":87357,"template":"","meta":[],"product_cat":[99946,400,999,430],"product_tag":[],"_links":{"self":[{"href":"https:\/\/www.keramika.com\/srbija\/wp-json\/wp\/v2\/product\/87356"}],"collection":[{"href":"https:\/\/www.keramika.com\/srbija\/wp-json\/wp\/v2\/product"}],"about":[{"href":"https:\/\/www.keramika.com\/srbija\/wp-json\/wp\/v2\/types\/product"}],"wp:featuredmedia":[{"embeddable":true,"href":"https:\/\/www.keramika.com\/srbija\/wp-json\/wp\/v2\/media\/87357"}],"wp:attachment":[{"href":"https:\/\/www.keramika.com\/srbija\/wp-json\/wp\/v2\/media?parent=87356"}],"wp:term":[{"taxonomy":"product_cat","embeddable":true,"href":"https:\/\/www.keramika.com\/srbija\/wp-json\/wp\/v2\/product_cat?post=87356"},{"taxonomy":"product_tag","embeddable":true,"href":"https:\/\/www.keramika.com\/srbija\/wp-json\/wp\/v2\/product_tag?post=87356"}],"curies":[{"name":"wp","href":"https:\/\/api.w.org\/{rel}","templated":true}]}}