{"id":87354,"date":"2017-07-01T13:28:44","date_gmt":"2017-07-01T13:28:44","guid":{"rendered":"http:\/\/www.ceramictiles.com\/srbija\/product\/vidrio-azules\/"},"modified":"2025-12-31T00:00:10","modified_gmt":"2025-12-31T00:00:10","slug":"vidrio-azules","status":"publish","type":"product","link":"https:\/\/www.keramika.com\/srbija\/vidrio-azules\/","title":{"rendered":"Vidrio Azules"},"content":{"rendered":"<p>Vidrio Azules je proizvod iz \u0160panije te je izuzetno kvalitetna. 6 mm debljina \u0107e zadovoljiti i najzahtevnije kupce. Mozaik je pritvr\u0111en na mre\u017eu, \u0161to olak\u0161ava njegovu ugradnju. Veli\u010dina mre\u017ee je 30&#215;30 cm , te je pogodan je za razli\u010dite povr\u0161ine. Ovaj mozaik je dostupan u prekrasnoj plave dominantnoj boji. Ako \u017eelite da razli\u010dite boje kontaktirajte nas i mi \u0107emo proveriti kod proizvo\u0111a\u010da. Na na\u0161em sajtu, \u0107e te dobiti mozaik za samo 1991,8 RSD, dok je u maloprodaji 2490,9 RSD.<\/p>\n","protected":false},"excerpt":{"rendered":"<p>Vidrio Azules je proizvod iz \u0160panije te je izuzetno kvalitetna. 6 mm debljina \u0107e zadovoljiti i najzahtevnije kupce. Mozaik je pritvr\u0111en na mre\u017eu, \u0161to olak\u0161ava njegovu ugradnju. Veli\u010dina mre\u017ee je 30&#215;30 cm , te je pogodan je za razli\u010dite povr\u0161ine. Ovaj mozaik je dostupan u prekrasnoj plave dominantnoj boji. Ako \u017eelite da razli\u010dite boje kontaktirajte [&hellip;]<\/p>\n","protected":false},"featured_media":87355,"template":"","meta":[],"product_cat":[99946,400,999,430],"product_tag":[],"_links":{"self":[{"href":"https:\/\/www.keramika.com\/srbija\/wp-json\/wp\/v2\/product\/87354"}],"collection":[{"href":"https:\/\/www.keramika.com\/srbija\/wp-json\/wp\/v2\/product"}],"about":[{"href":"https:\/\/www.keramika.com\/srbija\/wp-json\/wp\/v2\/types\/product"}],"wp:featuredmedia":[{"embeddable":true,"href":"https:\/\/www.keramika.com\/srbija\/wp-json\/wp\/v2\/media\/87355"}],"wp:attachment":[{"href":"https:\/\/www.keramika.com\/srbija\/wp-json\/wp\/v2\/media?parent=87354"}],"wp:term":[{"taxonomy":"product_cat","embeddable":true,"href":"https:\/\/www.keramika.com\/srbija\/wp-json\/wp\/v2\/product_cat?post=87354"},{"taxonomy":"product_tag","embeddable":true,"href":"https:\/\/www.keramika.com\/srbija\/wp-json\/wp\/v2\/product_tag?post=87354"}],"curies":[{"name":"wp","href":"https:\/\/api.w.org\/{rel}","templated":true}]}}