{"id":87352,"date":"2017-07-01T13:28:30","date_gmt":"2017-07-01T13:28:30","guid":{"rendered":"http:\/\/www.ceramictiles.com\/srbija\/product\/nacar-gris\/"},"modified":"2025-12-31T00:00:10","modified_gmt":"2025-12-31T00:00:10","slug":"nacar-gris","status":"publish","type":"product","link":"https:\/\/www.keramika.com\/srbija\/nacar-gris\/","title":{"rendered":"Nacar Gris"},"content":{"rendered":"<p>Nacar Gris je proizvod iz \u0160panije te je izuzetno kvalitetna. 6 mm debljina \u0107e zadovoljiti i najzahtevnije kupce. Prilikom izbora mozaika u glavnom sive boji ne\u0107ete pogre\u0161iti 3321,2 RSD je redovna prodajna cena keramike, tu pa samo 2656,5 RSD. Mozaik je pritvr\u0111en na mre\u017eu, \u0161to olak\u0161ava njegovu ugradnju. Veli\u010dina mre\u017ee je 30&#215;30 cm , te je pogodan je za razli\u010dite povr\u0161ine.<\/p>\n","protected":false},"excerpt":{"rendered":"<p>Nacar Gris je proizvod iz \u0160panije te je izuzetno kvalitetna. 6 mm debljina \u0107e zadovoljiti i najzahtevnije kupce. Prilikom izbora mozaika u glavnom sive boji ne\u0107ete pogre\u0161iti 3321,2 RSD je redovna prodajna cena keramike, tu pa samo 2656,5 RSD. Mozaik je pritvr\u0111en na mre\u017eu, \u0161to olak\u0161ava njegovu ugradnju. Veli\u010dina mre\u017ee je 30&#215;30 cm , te [&hellip;]<\/p>\n","protected":false},"featured_media":87353,"template":"","meta":[],"product_cat":[99946,400,999,430],"product_tag":[],"_links":{"self":[{"href":"https:\/\/www.keramika.com\/srbija\/wp-json\/wp\/v2\/product\/87352"}],"collection":[{"href":"https:\/\/www.keramika.com\/srbija\/wp-json\/wp\/v2\/product"}],"about":[{"href":"https:\/\/www.keramika.com\/srbija\/wp-json\/wp\/v2\/types\/product"}],"wp:featuredmedia":[{"embeddable":true,"href":"https:\/\/www.keramika.com\/srbija\/wp-json\/wp\/v2\/media\/87353"}],"wp:attachment":[{"href":"https:\/\/www.keramika.com\/srbija\/wp-json\/wp\/v2\/media?parent=87352"}],"wp:term":[{"taxonomy":"product_cat","embeddable":true,"href":"https:\/\/www.keramika.com\/srbija\/wp-json\/wp\/v2\/product_cat?post=87352"},{"taxonomy":"product_tag","embeddable":true,"href":"https:\/\/www.keramika.com\/srbija\/wp-json\/wp\/v2\/product_tag?post=87352"}],"curies":[{"name":"wp","href":"https:\/\/api.w.org\/{rel}","templated":true}]}}