{"id":87348,"date":"2017-07-01T13:28:01","date_gmt":"2017-07-01T13:28:01","guid":{"rendered":"http:\/\/www.ceramictiles.com\/srbija\/product\/vidrio-blanco\/"},"modified":"2025-12-31T00:00:10","modified_gmt":"2025-12-31T00:00:10","slug":"vidrio-blanco","status":"publish","type":"product","link":"https:\/\/www.keramika.com\/srbija\/vidrio-blanco\/","title":{"rendered":"Vidrio Blanco"},"content":{"rendered":"<p>Mozaik je pritvr\u0111en na mre\u017eu, \u0161to olak\u0161ava njegovu ugradnju. Veli\u010dina mre\u017ee je 32,7&#215;32,7 cm , te je pogodan je za razli\u010dite povr\u0161ine. Namjesto 2702,5 RSD \u0161to je cena u maloprodaji, Vi pla\u0107ate samo 2162 RSD. Mozaik je iz \u0160panije , koja je poznata u svetu kao jedan od najboljih proizvo\u0111a\u010da mozaik plo\u010dica. Prilikom izbora mozaika u glavnom bele boji ne\u0107ete pogre\u0161iti Ovaj mozaik je 6 mm, te je vrlo je izdr\u017eljiv.<\/p>\n","protected":false},"excerpt":{"rendered":"<p>Mozaik je pritvr\u0111en na mre\u017eu, \u0161to olak\u0161ava njegovu ugradnju. Veli\u010dina mre\u017ee je 32,7&#215;32,7 cm , te je pogodan je za razli\u010dite povr\u0161ine. Namjesto 2702,5 RSD \u0161to je cena u maloprodaji, Vi pla\u0107ate samo 2162 RSD. Mozaik je iz \u0160panije , koja je poznata u svetu kao jedan od najboljih proizvo\u0111a\u010da mozaik plo\u010dica. Prilikom izbora mozaika [&hellip;]<\/p>\n","protected":false},"featured_media":87349,"template":"","meta":[],"product_cat":[99946,400,999,430],"product_tag":[],"_links":{"self":[{"href":"https:\/\/www.keramika.com\/srbija\/wp-json\/wp\/v2\/product\/87348"}],"collection":[{"href":"https:\/\/www.keramika.com\/srbija\/wp-json\/wp\/v2\/product"}],"about":[{"href":"https:\/\/www.keramika.com\/srbija\/wp-json\/wp\/v2\/types\/product"}],"wp:featuredmedia":[{"embeddable":true,"href":"https:\/\/www.keramika.com\/srbija\/wp-json\/wp\/v2\/media\/87349"}],"wp:attachment":[{"href":"https:\/\/www.keramika.com\/srbija\/wp-json\/wp\/v2\/media?parent=87348"}],"wp:term":[{"taxonomy":"product_cat","embeddable":true,"href":"https:\/\/www.keramika.com\/srbija\/wp-json\/wp\/v2\/product_cat?post=87348"},{"taxonomy":"product_tag","embeddable":true,"href":"https:\/\/www.keramika.com\/srbija\/wp-json\/wp\/v2\/product_tag?post=87348"}],"curies":[{"name":"wp","href":"https:\/\/api.w.org\/{rel}","templated":true}]}}