{"id":87344,"date":"2017-07-01T13:27:31","date_gmt":"2017-07-01T13:27:31","guid":{"rendered":"http:\/\/www.ceramictiles.com\/srbija\/product\/piedra-gris-irregular\/"},"modified":"2025-12-31T00:00:09","modified_gmt":"2025-12-31T00:00:09","slug":"piedra-gris-irregular","status":"publish","type":"product","link":"https:\/\/www.keramika.com\/srbija\/piedra-gris-irregular\/","title":{"rendered":"Piedra Gris Irregular"},"content":{"rendered":"<p>Mozaik plo\u010dice sive boje, su izuzetno tra\u017eene. Ove mozaik plo\u010dice doleaze iz \u0160panije, koja je poznata po kvalitetnom mozaiku. 2990 RSD je redovna prodajna cena keramike, tu pa samo 2392 RSD. Dimenzije mre\u017ee na koju je pritvr\u0111en mozaik je 30,5&#215;30,5 cm. Mre\u017ea omogu\u0107ava jednostavnu instalaciju. Debljina plo\u010dice je vrlo va\u017ena, 6 mm &#8211; mozaik spada me\u0111u najkvalitetnije.<\/p>\n","protected":false},"excerpt":{"rendered":"<p>Mozaik plo\u010dice sive boje, su izuzetno tra\u017eene. Ove mozaik plo\u010dice doleaze iz \u0160panije, koja je poznata po kvalitetnom mozaiku. 2990 RSD je redovna prodajna cena keramike, tu pa samo 2392 RSD. Dimenzije mre\u017ee na koju je pritvr\u0111en mozaik je 30,5&#215;30,5 cm. Mre\u017ea omogu\u0107ava jednostavnu instalaciju. Debljina plo\u010dice je vrlo va\u017ena, 6 mm &#8211; mozaik spada [&hellip;]<\/p>\n","protected":false},"featured_media":87345,"template":"","meta":[],"product_cat":[99946,420,400,999],"product_tag":[],"_links":{"self":[{"href":"https:\/\/www.keramika.com\/srbija\/wp-json\/wp\/v2\/product\/87344"}],"collection":[{"href":"https:\/\/www.keramika.com\/srbija\/wp-json\/wp\/v2\/product"}],"about":[{"href":"https:\/\/www.keramika.com\/srbija\/wp-json\/wp\/v2\/types\/product"}],"wp:featuredmedia":[{"embeddable":true,"href":"https:\/\/www.keramika.com\/srbija\/wp-json\/wp\/v2\/media\/87345"}],"wp:attachment":[{"href":"https:\/\/www.keramika.com\/srbija\/wp-json\/wp\/v2\/media?parent=87344"}],"wp:term":[{"taxonomy":"product_cat","embeddable":true,"href":"https:\/\/www.keramika.com\/srbija\/wp-json\/wp\/v2\/product_cat?post=87344"},{"taxonomy":"product_tag","embeddable":true,"href":"https:\/\/www.keramika.com\/srbija\/wp-json\/wp\/v2\/product_tag?post=87344"}],"curies":[{"name":"wp","href":"https:\/\/api.w.org\/{rel}","templated":true}]}}