{"id":87342,"date":"2017-07-01T13:27:16","date_gmt":"2017-07-01T13:27:16","guid":{"rendered":"http:\/\/www.ceramictiles.com\/srbija\/product\/piedra-gris-mix\/"},"modified":"2025-12-31T00:00:09","modified_gmt":"2025-12-31T00:00:09","slug":"piedra-gris-mix","status":"publish","type":"product","link":"https:\/\/www.keramika.com\/srbija\/piedra-gris-mix\/","title":{"rendered":"Piedra Gris Mix"},"content":{"rendered":"<p>Piedra Gris Mix je proizvod iz \u0160panije te je izuzetno kvalitetna. Debljina plo\u010dice je vrlo va\u017ena, 6 mm &#8211; mozaik spada me\u0111u najkvalitetnije. Dimenzije mre\u017ee na koju je pritvr\u0111en mozaik je 30,4&#215;30,4 cm. Mre\u017ea omogu\u0107ava jednostavnu instalaciju. Ovaj mozaik je dostupan u prekrasnoj sive dominantnoj boji. Ako \u017eelite da razli\u010dite boje kontaktirajte nas i mi \u0107emo proveriti kod proizvo\u0111a\u010da. Redovna cena tog mozaika u maloprodaji je 2702,5 RSD, a u na\u0161oj online trgovini, ga mo\u017eete dobiti za 2162 RSD.<\/p>\n","protected":false},"excerpt":{"rendered":"<p>Piedra Gris Mix je proizvod iz \u0160panije te je izuzetno kvalitetna. Debljina plo\u010dice je vrlo va\u017ena, 6 mm &#8211; mozaik spada me\u0111u najkvalitetnije. Dimenzije mre\u017ee na koju je pritvr\u0111en mozaik je 30,4&#215;30,4 cm. Mre\u017ea omogu\u0107ava jednostavnu instalaciju. Ovaj mozaik je dostupan u prekrasnoj sive dominantnoj boji. Ako \u017eelite da razli\u010dite boje kontaktirajte nas i mi [&hellip;]<\/p>\n","protected":false},"featured_media":87343,"template":"","meta":[],"product_cat":[99946,420,400,999],"product_tag":[],"_links":{"self":[{"href":"https:\/\/www.keramika.com\/srbija\/wp-json\/wp\/v2\/product\/87342"}],"collection":[{"href":"https:\/\/www.keramika.com\/srbija\/wp-json\/wp\/v2\/product"}],"about":[{"href":"https:\/\/www.keramika.com\/srbija\/wp-json\/wp\/v2\/types\/product"}],"wp:featuredmedia":[{"embeddable":true,"href":"https:\/\/www.keramika.com\/srbija\/wp-json\/wp\/v2\/media\/87343"}],"wp:attachment":[{"href":"https:\/\/www.keramika.com\/srbija\/wp-json\/wp\/v2\/media?parent=87342"}],"wp:term":[{"taxonomy":"product_cat","embeddable":true,"href":"https:\/\/www.keramika.com\/srbija\/wp-json\/wp\/v2\/product_cat?post=87342"},{"taxonomy":"product_tag","embeddable":true,"href":"https:\/\/www.keramika.com\/srbija\/wp-json\/wp\/v2\/product_tag?post=87342"}],"curies":[{"name":"wp","href":"https:\/\/api.w.org\/{rel}","templated":true}]}}