{"id":87340,"date":"2017-07-01T13:27:01","date_gmt":"2017-07-01T13:27:01","guid":{"rendered":"http:\/\/www.ceramictiles.com\/srbija\/product\/piedra-gris-mini-mix\/"},"modified":"2025-12-31T00:00:09","modified_gmt":"2025-12-31T00:00:09","slug":"piedra-gris-mini-mix","status":"publish","type":"product","link":"https:\/\/www.keramika.com\/srbija\/piedra-gris-mini-mix\/","title":{"rendered":"Piedra Gris Mini Mix"},"content":{"rendered":"<p>Mozaik plo\u010dice sive boje, su izuzetno tra\u017eene. Redovna cena tog mozaika u maloprodaji je 2490,9 RSD, a u na\u0161oj online trgovini, ga mo\u017eete dobiti za 1991,8 RSD. Ovaj mozaik je 6 mm, te je vrlo je izdr\u017eljiv. Mozaik je pritvr\u0111en na mre\u017eu, \u0161to olak\u0161ava njegovu ugradnju. Veli\u010dina mre\u017ee je 30,4&#215;30,4 cm , te je pogodan je za razli\u010dite povr\u0161ine. Ove mozaik plo\u010dice doleaze iz \u0160panije, koja je poznata po kvalitetnom mozaiku.<\/p>\n","protected":false},"excerpt":{"rendered":"<p>Mozaik plo\u010dice sive boje, su izuzetno tra\u017eene. Redovna cena tog mozaika u maloprodaji je 2490,9 RSD, a u na\u0161oj online trgovini, ga mo\u017eete dobiti za 1991,8 RSD. Ovaj mozaik je 6 mm, te je vrlo je izdr\u017eljiv. Mozaik je pritvr\u0111en na mre\u017eu, \u0161to olak\u0161ava njegovu ugradnju. Veli\u010dina mre\u017ee je 30,4&#215;30,4 cm , te je pogodan [&hellip;]<\/p>\n","protected":false},"featured_media":87341,"template":"","meta":[],"product_cat":[99946,420,400,999],"product_tag":[],"_links":{"self":[{"href":"https:\/\/www.keramika.com\/srbija\/wp-json\/wp\/v2\/product\/87340"}],"collection":[{"href":"https:\/\/www.keramika.com\/srbija\/wp-json\/wp\/v2\/product"}],"about":[{"href":"https:\/\/www.keramika.com\/srbija\/wp-json\/wp\/v2\/types\/product"}],"wp:featuredmedia":[{"embeddable":true,"href":"https:\/\/www.keramika.com\/srbija\/wp-json\/wp\/v2\/media\/87341"}],"wp:attachment":[{"href":"https:\/\/www.keramika.com\/srbija\/wp-json\/wp\/v2\/media?parent=87340"}],"wp:term":[{"taxonomy":"product_cat","embeddable":true,"href":"https:\/\/www.keramika.com\/srbija\/wp-json\/wp\/v2\/product_cat?post=87340"},{"taxonomy":"product_tag","embeddable":true,"href":"https:\/\/www.keramika.com\/srbija\/wp-json\/wp\/v2\/product_tag?post=87340"}],"curies":[{"name":"wp","href":"https:\/\/api.w.org\/{rel}","templated":true}]}}