{"id":87336,"date":"2017-07-01T13:26:30","date_gmt":"2017-07-01T13:26:30","guid":{"rendered":"http:\/\/www.ceramictiles.com\/srbija\/product\/piedra-trencadis-gris\/"},"modified":"2025-12-31T00:00:09","modified_gmt":"2025-12-31T00:00:09","slug":"piedra-trencadis-gris","status":"publish","type":"product","link":"https:\/\/www.keramika.com\/srbija\/piedra-trencadis-gris\/","title":{"rendered":"Piedra Trencadis Gris"},"content":{"rendered":"<p>Piedra Trencadis Gris je proizvod iz \u0160panije te je izuzetno kvalitetna. Ove lepe, mozaik plo\u010dice sive boje, \u0107e obogatiti svaki prostor. Namjesto 1833,1 RSD \u0161to je cena u maloprodaji, Vi pla\u0107ate samo 1466,25 RSD. Veli\u010dina mre\u017ee sa mozaikom je 30,4&#215;30,4 cm, \u0161to omogu\u0107ava jednostavnu ugradnju. Debljina od 6 mm ovog mozaika ga \u010dini vrlo izdr\u017eljivim i prijatnim na dodir.<\/p>\n","protected":false},"excerpt":{"rendered":"<p>Piedra Trencadis Gris je proizvod iz \u0160panije te je izuzetno kvalitetna. Ove lepe, mozaik plo\u010dice sive boje, \u0107e obogatiti svaki prostor. Namjesto 1833,1 RSD \u0161to je cena u maloprodaji, Vi pla\u0107ate samo 1466,25 RSD. Veli\u010dina mre\u017ee sa mozaikom je 30,4&#215;30,4 cm, \u0161to omogu\u0107ava jednostavnu ugradnju. Debljina od 6 mm ovog mozaika ga \u010dini vrlo izdr\u017eljivim [&hellip;]<\/p>\n","protected":false},"featured_media":87337,"template":"","meta":[],"product_cat":[99946,420,400,999],"product_tag":[],"_links":{"self":[{"href":"https:\/\/www.keramika.com\/srbija\/wp-json\/wp\/v2\/product\/87336"}],"collection":[{"href":"https:\/\/www.keramika.com\/srbija\/wp-json\/wp\/v2\/product"}],"about":[{"href":"https:\/\/www.keramika.com\/srbija\/wp-json\/wp\/v2\/types\/product"}],"wp:featuredmedia":[{"embeddable":true,"href":"https:\/\/www.keramika.com\/srbija\/wp-json\/wp\/v2\/media\/87337"}],"wp:attachment":[{"href":"https:\/\/www.keramika.com\/srbija\/wp-json\/wp\/v2\/media?parent=87336"}],"wp:term":[{"taxonomy":"product_cat","embeddable":true,"href":"https:\/\/www.keramika.com\/srbija\/wp-json\/wp\/v2\/product_cat?post=87336"},{"taxonomy":"product_tag","embeddable":true,"href":"https:\/\/www.keramika.com\/srbija\/wp-json\/wp\/v2\/product_tag?post=87336"}],"curies":[{"name":"wp","href":"https:\/\/api.w.org\/{rel}","templated":true}]}}