{"id":87324,"date":"2017-07-01T13:25:01","date_gmt":"2017-07-01T13:25:01","guid":{"rendered":"http:\/\/www.ceramictiles.com\/srbija\/product\/piedra-negro-mix\/"},"modified":"2025-12-31T00:00:08","modified_gmt":"2025-12-31T00:00:08","slug":"piedra-negro-mix","status":"publish","type":"product","link":"https:\/\/www.keramika.com\/srbija\/piedra-negro-mix\/","title":{"rendered":"Piedra Negro Mix"},"content":{"rendered":"<p>Piedra Negro Mix je proizvod iz \u0160panije te je izuzetno kvalitetna. \u0160irina i du\u017eina mre\u017ee na koju je pritvr\u0111en mozaik je 30&#215;30 cm. Mre\u017ea se jednostavno mo\u017eete polo\u017eiti na razli\u010dite povr\u0161ine. Zaradi ni\u017eih tro\u0161kova kod internetne prodaje, \u0107e te na na\u0161oj strani za taj mozaik platiti 1991,8 RSD. Mozaik plo\u010dice bele boje, su izuzetno tra\u017eene. Debljina plo\u010dice je vrlo va\u017ena, 6 mm &#8211; mozaik spada me\u0111u najkvalitetnije.<\/p>\n","protected":false},"excerpt":{"rendered":"<p>Piedra Negro Mix je proizvod iz \u0160panije te je izuzetno kvalitetna. \u0160irina i du\u017eina mre\u017ee na koju je pritvr\u0111en mozaik je 30&#215;30 cm. Mre\u017ea se jednostavno mo\u017eete polo\u017eiti na razli\u010dite povr\u0161ine. Zaradi ni\u017eih tro\u0161kova kod internetne prodaje, \u0107e te na na\u0161oj strani za taj mozaik platiti 1991,8 RSD. Mozaik plo\u010dice bele boje, su izuzetno tra\u017eene. [&hellip;]<\/p>\n","protected":false},"featured_media":87325,"template":"","meta":[],"product_cat":[99946,420,400,999],"product_tag":[],"_links":{"self":[{"href":"https:\/\/www.keramika.com\/srbija\/wp-json\/wp\/v2\/product\/87324"}],"collection":[{"href":"https:\/\/www.keramika.com\/srbija\/wp-json\/wp\/v2\/product"}],"about":[{"href":"https:\/\/www.keramika.com\/srbija\/wp-json\/wp\/v2\/types\/product"}],"wp:featuredmedia":[{"embeddable":true,"href":"https:\/\/www.keramika.com\/srbija\/wp-json\/wp\/v2\/media\/87325"}],"wp:attachment":[{"href":"https:\/\/www.keramika.com\/srbija\/wp-json\/wp\/v2\/media?parent=87324"}],"wp:term":[{"taxonomy":"product_cat","embeddable":true,"href":"https:\/\/www.keramika.com\/srbija\/wp-json\/wp\/v2\/product_cat?post=87324"},{"taxonomy":"product_tag","embeddable":true,"href":"https:\/\/www.keramika.com\/srbija\/wp-json\/wp\/v2\/product_tag?post=87324"}],"curies":[{"name":"wp","href":"https:\/\/api.w.org\/{rel}","templated":true}]}}