{"id":87322,"date":"2017-07-01T13:24:44","date_gmt":"2017-07-01T13:24:44","guid":{"rendered":"http:\/\/www.ceramictiles.com\/srbija\/product\/piedra-marron-stratos\/"},"modified":"2025-12-31T00:00:08","modified_gmt":"2025-12-31T00:00:08","slug":"piedra-marron-stratos","status":"publish","type":"product","link":"https:\/\/www.keramika.com\/srbija\/piedra-marron-stratos\/","title":{"rendered":"Piedra Marron Stratos"},"content":{"rendered":"<p>Zaradi ni\u017eih tro\u0161kova kod internetne prodaje, \u0107e te na na\u0161oj strani za taj mozaik platiti 2294,25 RSD. 6 mm debljina \u0107e zadovoljiti i najzahtevnije kupce. Veli\u010dina 30&#215;30 cm mre\u017ee, na koju su pritvr\u0111ene mozaik plo\u010dice, je odli\u010dna za pokrivanje povr\u0161ine. Prilikom izbora mozaika u glavnom bele boji ne\u0107ete pogre\u0161iti Mozaik je iz \u0160panije , koja je poznata u svetu kao jedan od najboljih proizvo\u0111a\u010da mozaik plo\u010dica.<\/p>\n","protected":false},"excerpt":{"rendered":"<p>Zaradi ni\u017eih tro\u0161kova kod internetne prodaje, \u0107e te na na\u0161oj strani za taj mozaik platiti 2294,25 RSD. 6 mm debljina \u0107e zadovoljiti i najzahtevnije kupce. Veli\u010dina 30&#215;30 cm mre\u017ee, na koju su pritvr\u0111ene mozaik plo\u010dice, je odli\u010dna za pokrivanje povr\u0161ine. Prilikom izbora mozaika u glavnom bele boji ne\u0107ete pogre\u0161iti Mozaik je iz \u0160panije , koja [&hellip;]<\/p>\n","protected":false},"featured_media":87323,"template":"","meta":[],"product_cat":[99946,420,400,999],"product_tag":[],"_links":{"self":[{"href":"https:\/\/www.keramika.com\/srbija\/wp-json\/wp\/v2\/product\/87322"}],"collection":[{"href":"https:\/\/www.keramika.com\/srbija\/wp-json\/wp\/v2\/product"}],"about":[{"href":"https:\/\/www.keramika.com\/srbija\/wp-json\/wp\/v2\/types\/product"}],"wp:featuredmedia":[{"embeddable":true,"href":"https:\/\/www.keramika.com\/srbija\/wp-json\/wp\/v2\/media\/87323"}],"wp:attachment":[{"href":"https:\/\/www.keramika.com\/srbija\/wp-json\/wp\/v2\/media?parent=87322"}],"wp:term":[{"taxonomy":"product_cat","embeddable":true,"href":"https:\/\/www.keramika.com\/srbija\/wp-json\/wp\/v2\/product_cat?post=87322"},{"taxonomy":"product_tag","embeddable":true,"href":"https:\/\/www.keramika.com\/srbija\/wp-json\/wp\/v2\/product_tag?post=87322"}],"curies":[{"name":"wp","href":"https:\/\/api.w.org\/{rel}","templated":true}]}}