{"id":87320,"date":"2017-07-01T13:24:28","date_gmt":"2017-07-01T13:24:28","guid":{"rendered":"http:\/\/www.ceramictiles.com\/srbija\/product\/piedra-crema-wall\/"},"modified":"2025-12-31T00:00:08","modified_gmt":"2025-12-31T00:00:08","slug":"piedra-crema-wall","status":"publish","type":"product","link":"https:\/\/www.keramika.com\/srbija\/piedra-crema-wall\/","title":{"rendered":"Piedra Crema Wall"},"content":{"rendered":"<p>6 mm debljine je dovoljno za zahtevnije kupce. Mozaik plo\u010dice be\u017e boje, su izuzetno tra\u017eene. Ove mozaik plo\u010dice doleaze iz \u0160panije, koja je poznata po kvalitetnom mozaiku. Redovna cena tog mozaika u maloprodaji je 2702,5 RSD, a u na\u0161oj online trgovini, ga mo\u017eete dobiti za 2162 RSD. Veli\u010dina mre\u017ee sa mozaikom je 30&#215;30 cm, \u0161to omogu\u0107ava jednostavnu ugradnju.<\/p>\n","protected":false},"excerpt":{"rendered":"<p>6 mm debljine je dovoljno za zahtevnije kupce. Mozaik plo\u010dice be\u017e boje, su izuzetno tra\u017eene. Ove mozaik plo\u010dice doleaze iz \u0160panije, koja je poznata po kvalitetnom mozaiku. Redovna cena tog mozaika u maloprodaji je 2702,5 RSD, a u na\u0161oj online trgovini, ga mo\u017eete dobiti za 2162 RSD. Veli\u010dina mre\u017ee sa mozaikom je 30&#215;30 cm, \u0161to [&hellip;]<\/p>\n","protected":false},"featured_media":87321,"template":"","meta":[],"product_cat":[99946,420,400,999],"product_tag":[],"_links":{"self":[{"href":"https:\/\/www.keramika.com\/srbija\/wp-json\/wp\/v2\/product\/87320"}],"collection":[{"href":"https:\/\/www.keramika.com\/srbija\/wp-json\/wp\/v2\/product"}],"about":[{"href":"https:\/\/www.keramika.com\/srbija\/wp-json\/wp\/v2\/types\/product"}],"wp:featuredmedia":[{"embeddable":true,"href":"https:\/\/www.keramika.com\/srbija\/wp-json\/wp\/v2\/media\/87321"}],"wp:attachment":[{"href":"https:\/\/www.keramika.com\/srbija\/wp-json\/wp\/v2\/media?parent=87320"}],"wp:term":[{"taxonomy":"product_cat","embeddable":true,"href":"https:\/\/www.keramika.com\/srbija\/wp-json\/wp\/v2\/product_cat?post=87320"},{"taxonomy":"product_tag","embeddable":true,"href":"https:\/\/www.keramika.com\/srbija\/wp-json\/wp\/v2\/product_tag?post=87320"}],"curies":[{"name":"wp","href":"https:\/\/api.w.org\/{rel}","templated":true}]}}