{"id":87318,"date":"2017-07-01T13:24:13","date_gmt":"2017-07-01T13:24:13","guid":{"rendered":"http:\/\/www.ceramictiles.com\/srbija\/product\/piedra-crema\/"},"modified":"2025-12-31T00:00:08","modified_gmt":"2025-12-31T00:00:08","slug":"piedra-crema","status":"publish","type":"product","link":"https:\/\/www.keramika.com\/srbija\/piedra-crema\/","title":{"rendered":"Piedra Crema"},"content":{"rendered":"<p>Piedra Crema dolazi iz \u0160panije, koja je poznata po vrlo visokoj kvaliteta keramike u svetu. 6 mm debljine je dovoljno za zahtevnije kupce. Veli\u010dina mre\u017ee 30&#215;30 cm nakoju je pritvr\u0111en, omogu\u0107ava pritvr\u0111ivanje na razli\u010dite povr\u0161ine. Na na\u0161em sajtu, \u0107e te dobiti mozaik za samo 2162 RSD, dok je u maloprodaji 2702,5 RSD. Ovaj mozaik je dostupan u prekrasnoj be\u017e dominantnoj boji. Ako \u017eelite da razli\u010dite boje kontaktirajte nas i mi \u0107emo proveriti kod proizvo\u0111a\u010da.<\/p>\n","protected":false},"excerpt":{"rendered":"<p>Piedra Crema dolazi iz \u0160panije, koja je poznata po vrlo visokoj kvaliteta keramike u svetu. 6 mm debljine je dovoljno za zahtevnije kupce. Veli\u010dina mre\u017ee 30&#215;30 cm nakoju je pritvr\u0111en, omogu\u0107ava pritvr\u0111ivanje na razli\u010dite povr\u0161ine. Na na\u0161em sajtu, \u0107e te dobiti mozaik za samo 2162 RSD, dok je u maloprodaji 2702,5 RSD. Ovaj mozaik je [&hellip;]<\/p>\n","protected":false},"featured_media":87319,"template":"","meta":[],"product_cat":[99946,420,400,999],"product_tag":[],"_links":{"self":[{"href":"https:\/\/www.keramika.com\/srbija\/wp-json\/wp\/v2\/product\/87318"}],"collection":[{"href":"https:\/\/www.keramika.com\/srbija\/wp-json\/wp\/v2\/product"}],"about":[{"href":"https:\/\/www.keramika.com\/srbija\/wp-json\/wp\/v2\/types\/product"}],"wp:featuredmedia":[{"embeddable":true,"href":"https:\/\/www.keramika.com\/srbija\/wp-json\/wp\/v2\/media\/87319"}],"wp:attachment":[{"href":"https:\/\/www.keramika.com\/srbija\/wp-json\/wp\/v2\/media?parent=87318"}],"wp:term":[{"taxonomy":"product_cat","embeddable":true,"href":"https:\/\/www.keramika.com\/srbija\/wp-json\/wp\/v2\/product_cat?post=87318"},{"taxonomy":"product_tag","embeddable":true,"href":"https:\/\/www.keramika.com\/srbija\/wp-json\/wp\/v2\/product_tag?post=87318"}],"curies":[{"name":"wp","href":"https:\/\/api.w.org\/{rel}","templated":true}]}}