{"id":87310,"date":"2017-07-01T13:23:14","date_gmt":"2017-07-01T13:23:14","guid":{"rendered":"http:\/\/www.ceramictiles.com\/srbija\/product\/metal-wall\/"},"modified":"2025-12-31T00:00:07","modified_gmt":"2025-12-31T00:00:07","slug":"metal-wall","status":"publish","type":"product","link":"https:\/\/www.keramika.com\/srbija\/metal-wall\/","title":{"rendered":"Metal Wall"},"content":{"rendered":"<p>plo\u010dica proizvo\u0111a\u010da Halcon Ceramicas iz \u0160panije. Veoma moderan mozaik, dominantne sive boje, oboga\u0107uje savki prostor. Namjesto 3981,3 RSD \u0161to je cena u maloprodaji, Vi pla\u0107ate samo 3185,5 RSD. \u0160irina i du\u017eina mre\u017ee na koju je pritvr\u0111en mozaik je 30&#215;30 cm. Mre\u017ea se jednostavno mo\u017eete polo\u017eiti na razli\u010dite povr\u0161ine. Mozaik je debljine 6 mm, \u0161to ga \u010dini izuzetno tvrdim.<\/p>\n","protected":false},"excerpt":{"rendered":"<p>plo\u010dica proizvo\u0111a\u010da Halcon Ceramicas iz \u0160panije. Veoma moderan mozaik, dominantne sive boje, oboga\u0107uje savki prostor. Namjesto 3981,3 RSD \u0161to je cena u maloprodaji, Vi pla\u0107ate samo 3185,5 RSD. \u0160irina i du\u017eina mre\u017ee na koju je pritvr\u0111en mozaik je 30&#215;30 cm. Mre\u017ea se jednostavno mo\u017eete polo\u017eiti na razli\u010dite povr\u0161ine. Mozaik je debljine 6 mm, \u0161to ga [&hellip;]<\/p>\n","protected":false},"featured_media":87311,"template":"","meta":[],"product_cat":[99946,440,400,999],"product_tag":[],"_links":{"self":[{"href":"https:\/\/www.keramika.com\/srbija\/wp-json\/wp\/v2\/product\/87310"}],"collection":[{"href":"https:\/\/www.keramika.com\/srbija\/wp-json\/wp\/v2\/product"}],"about":[{"href":"https:\/\/www.keramika.com\/srbija\/wp-json\/wp\/v2\/types\/product"}],"wp:featuredmedia":[{"embeddable":true,"href":"https:\/\/www.keramika.com\/srbija\/wp-json\/wp\/v2\/media\/87311"}],"wp:attachment":[{"href":"https:\/\/www.keramika.com\/srbija\/wp-json\/wp\/v2\/media?parent=87310"}],"wp:term":[{"taxonomy":"product_cat","embeddable":true,"href":"https:\/\/www.keramika.com\/srbija\/wp-json\/wp\/v2\/product_cat?post=87310"},{"taxonomy":"product_tag","embeddable":true,"href":"https:\/\/www.keramika.com\/srbija\/wp-json\/wp\/v2\/product_tag?post=87310"}],"curies":[{"name":"wp","href":"https:\/\/api.w.org\/{rel}","templated":true}]}}