{"id":87306,"date":"2017-07-01T13:22:43","date_gmt":"2017-07-01T13:22:43","guid":{"rendered":"http:\/\/www.ceramictiles.com\/srbija\/product\/cristal-azul\/"},"modified":"2025-12-31T00:00:07","modified_gmt":"2025-12-31T00:00:07","slug":"cristal-azul","status":"publish","type":"product","link":"https:\/\/www.keramika.com\/srbija\/cristal-azul\/","title":{"rendered":"Cristal Azul"},"content":{"rendered":"<p>6 mm debljine je dovoljno za zahtevnije kupce. Mozaik plo\u010dice su na mre\u017ei, \u0161to olak\u0161ava njegovu instalaciju. Veli\u010dina mre\u017ee je 30&#215;30 cm. Namjesto 3198,15 RSD \u0161to je cena u maloprodaji, Vi pla\u0107ate samo 2558,75 RSD. Ovaj mozaik je proizveden od proizvo\u0111a\u010da Halcon Ceramicas, iz \u0160panije. Plo\u010dice plave boje osvje\u017eit \u0107e svaki prostor.<\/p>\n","protected":false},"excerpt":{"rendered":"<p>6 mm debljine je dovoljno za zahtevnije kupce. Mozaik plo\u010dice su na mre\u017ei, \u0161to olak\u0161ava njegovu instalaciju. Veli\u010dina mre\u017ee je 30&#215;30 cm. Namjesto 3198,15 RSD \u0161to je cena u maloprodaji, Vi pla\u0107ate samo 2558,75 RSD. Ovaj mozaik je proizveden od proizvo\u0111a\u010da Halcon Ceramicas, iz \u0160panije. Plo\u010dice plave boje osvje\u017eit \u0107e svaki prostor.<\/p>\n","protected":false},"featured_media":87307,"template":"","meta":[],"product_cat":[99946,400,999,430],"product_tag":[],"_links":{"self":[{"href":"https:\/\/www.keramika.com\/srbija\/wp-json\/wp\/v2\/product\/87306"}],"collection":[{"href":"https:\/\/www.keramika.com\/srbija\/wp-json\/wp\/v2\/product"}],"about":[{"href":"https:\/\/www.keramika.com\/srbija\/wp-json\/wp\/v2\/types\/product"}],"wp:featuredmedia":[{"embeddable":true,"href":"https:\/\/www.keramika.com\/srbija\/wp-json\/wp\/v2\/media\/87307"}],"wp:attachment":[{"href":"https:\/\/www.keramika.com\/srbija\/wp-json\/wp\/v2\/media?parent=87306"}],"wp:term":[{"taxonomy":"product_cat","embeddable":true,"href":"https:\/\/www.keramika.com\/srbija\/wp-json\/wp\/v2\/product_cat?post=87306"},{"taxonomy":"product_tag","embeddable":true,"href":"https:\/\/www.keramika.com\/srbija\/wp-json\/wp\/v2\/product_tag?post=87306"}],"curies":[{"name":"wp","href":"https:\/\/api.w.org\/{rel}","templated":true}]}}