{"id":87302,"date":"2017-07-01T13:22:13","date_gmt":"2017-07-01T13:22:13","guid":{"rendered":"http:\/\/www.ceramictiles.com\/srbija\/product\/cristal-iris\/"},"modified":"2025-12-31T00:00:06","modified_gmt":"2025-12-31T00:00:06","slug":"cristal-iris","status":"publish","type":"product","link":"https:\/\/www.keramika.com\/srbija\/cristal-iris\/","title":{"rendered":"Cristal Iris"},"content":{"rendered":"<p>Mozaik je debljine 6 mm, \u0161to ga \u010dini izuzetno tvrdim. plo\u010dica proizvo\u0111a\u010da Halcon Ceramicas iz \u0160panije. Prilikom izbora mozaika u glavnom braon boji ne\u0107ete pogre\u0161iti Dimenzije mre\u017ee na koju je pritvr\u0111en mozaik je 30&#215;30 cm. Mre\u017ea omogu\u0107ava jednostavnu instalaciju. Namjesto 3198,15 RSD \u0161to je cena u maloprodaji, Vi pla\u0107ate samo 2558,75 RSD.<\/p>\n","protected":false},"excerpt":{"rendered":"<p>Mozaik je debljine 6 mm, \u0161to ga \u010dini izuzetno tvrdim. plo\u010dica proizvo\u0111a\u010da Halcon Ceramicas iz \u0160panije. Prilikom izbora mozaika u glavnom braon boji ne\u0107ete pogre\u0161iti Dimenzije mre\u017ee na koju je pritvr\u0111en mozaik je 30&#215;30 cm. Mre\u017ea omogu\u0107ava jednostavnu instalaciju. Namjesto 3198,15 RSD \u0161to je cena u maloprodaji, Vi pla\u0107ate samo 2558,75 RSD.<\/p>\n","protected":false},"featured_media":87303,"template":"","meta":[],"product_cat":[99946,400,999,430],"product_tag":[],"_links":{"self":[{"href":"https:\/\/www.keramika.com\/srbija\/wp-json\/wp\/v2\/product\/87302"}],"collection":[{"href":"https:\/\/www.keramika.com\/srbija\/wp-json\/wp\/v2\/product"}],"about":[{"href":"https:\/\/www.keramika.com\/srbija\/wp-json\/wp\/v2\/types\/product"}],"wp:featuredmedia":[{"embeddable":true,"href":"https:\/\/www.keramika.com\/srbija\/wp-json\/wp\/v2\/media\/87303"}],"wp:attachment":[{"href":"https:\/\/www.keramika.com\/srbija\/wp-json\/wp\/v2\/media?parent=87302"}],"wp:term":[{"taxonomy":"product_cat","embeddable":true,"href":"https:\/\/www.keramika.com\/srbija\/wp-json\/wp\/v2\/product_cat?post=87302"},{"taxonomy":"product_tag","embeddable":true,"href":"https:\/\/www.keramika.com\/srbija\/wp-json\/wp\/v2\/product_tag?post=87302"}],"curies":[{"name":"wp","href":"https:\/\/api.w.org\/{rel}","templated":true}]}}