{"id":87300,"date":"2017-07-01T13:21:56","date_gmt":"2017-07-01T13:21:56","guid":{"rendered":"http:\/\/www.ceramictiles.com\/srbija\/product\/cristal-ocre\/"},"modified":"2025-12-31T00:00:06","modified_gmt":"2025-12-31T00:00:06","slug":"cristal-ocre","status":"publish","type":"product","link":"https:\/\/www.keramika.com\/srbija\/cristal-ocre\/","title":{"rendered":"Cristal Ocre"},"content":{"rendered":"<p>Ove mozaik plo\u010dice doleaze iz \u0160panije, koja je poznata po kvalitetnom mozaiku. Veli\u010dina mre\u017ee sa mozaikom je 30&#215;30 cm, \u0161to omogu\u0107ava jednostavnu ugradnju. 6 mm debljine je dovoljno za zahtevnije kupce. 3784,65 RSD je redovna prodajna cena keramike, tu pa samo 3026,8 RSD. Ove lepe, mozaik plo\u010dice \u017eute boje, \u0107e obogatiti svaki prostor.<\/p>\n","protected":false},"excerpt":{"rendered":"<p>Ove mozaik plo\u010dice doleaze iz \u0160panije, koja je poznata po kvalitetnom mozaiku. Veli\u010dina mre\u017ee sa mozaikom je 30&#215;30 cm, \u0161to omogu\u0107ava jednostavnu ugradnju. 6 mm debljine je dovoljno za zahtevnije kupce. 3784,65 RSD je redovna prodajna cena keramike, tu pa samo 3026,8 RSD. Ove lepe, mozaik plo\u010dice \u017eute boje, \u0107e obogatiti svaki prostor.<\/p>\n","protected":false},"featured_media":87301,"template":"","meta":[],"product_cat":[99946,400,999,430],"product_tag":[],"_links":{"self":[{"href":"https:\/\/www.keramika.com\/srbija\/wp-json\/wp\/v2\/product\/87300"}],"collection":[{"href":"https:\/\/www.keramika.com\/srbija\/wp-json\/wp\/v2\/product"}],"about":[{"href":"https:\/\/www.keramika.com\/srbija\/wp-json\/wp\/v2\/types\/product"}],"wp:featuredmedia":[{"embeddable":true,"href":"https:\/\/www.keramika.com\/srbija\/wp-json\/wp\/v2\/media\/87301"}],"wp:attachment":[{"href":"https:\/\/www.keramika.com\/srbija\/wp-json\/wp\/v2\/media?parent=87300"}],"wp:term":[{"taxonomy":"product_cat","embeddable":true,"href":"https:\/\/www.keramika.com\/srbija\/wp-json\/wp\/v2\/product_cat?post=87300"},{"taxonomy":"product_tag","embeddable":true,"href":"https:\/\/www.keramika.com\/srbija\/wp-json\/wp\/v2\/product_tag?post=87300"}],"curies":[{"name":"wp","href":"https:\/\/api.w.org\/{rel}","templated":true}]}}