{"id":87298,"date":"2017-07-01T13:21:40","date_gmt":"2017-07-01T13:21:40","guid":{"rendered":"http:\/\/www.ceramictiles.com\/srbija\/product\/cristal-gold\/"},"modified":"2025-12-31T00:00:06","modified_gmt":"2025-12-31T00:00:06","slug":"cristal-gold","status":"publish","type":"product","link":"https:\/\/www.keramika.com\/srbija\/cristal-gold\/","title":{"rendered":"Cristal Gold"},"content":{"rendered":"<p>6 mm debljine je dovoljno za zahtevnije kupce. Zaradi ni\u017eih tro\u0161kova kod internetne prodaje, \u0107e te na na\u0161oj strani za taj mozaik platiti 3026,8 RSD. Plo\u010dice braon boje osvje\u017eit \u0107e svaki prostor. Cristal Gold je proizvod iz \u0160panije te je izuzetno kvalitetna. Veli\u010dina 30&#215;30 cm mre\u017ee, na koju su pritvr\u0111ene mozaik plo\u010dice, je odli\u010dna za pokrivanje povr\u0161ine.<\/p>\n","protected":false},"excerpt":{"rendered":"<p>6 mm debljine je dovoljno za zahtevnije kupce. Zaradi ni\u017eih tro\u0161kova kod internetne prodaje, \u0107e te na na\u0161oj strani za taj mozaik platiti 3026,8 RSD. Plo\u010dice braon boje osvje\u017eit \u0107e svaki prostor. Cristal Gold je proizvod iz \u0160panije te je izuzetno kvalitetna. Veli\u010dina 30&#215;30 cm mre\u017ee, na koju su pritvr\u0111ene mozaik plo\u010dice, je odli\u010dna za [&hellip;]<\/p>\n","protected":false},"featured_media":87299,"template":"","meta":[],"product_cat":[99946,400,999,430],"product_tag":[],"_links":{"self":[{"href":"https:\/\/www.keramika.com\/srbija\/wp-json\/wp\/v2\/product\/87298"}],"collection":[{"href":"https:\/\/www.keramika.com\/srbija\/wp-json\/wp\/v2\/product"}],"about":[{"href":"https:\/\/www.keramika.com\/srbija\/wp-json\/wp\/v2\/types\/product"}],"wp:featuredmedia":[{"embeddable":true,"href":"https:\/\/www.keramika.com\/srbija\/wp-json\/wp\/v2\/media\/87299"}],"wp:attachment":[{"href":"https:\/\/www.keramika.com\/srbija\/wp-json\/wp\/v2\/media?parent=87298"}],"wp:term":[{"taxonomy":"product_cat","embeddable":true,"href":"https:\/\/www.keramika.com\/srbija\/wp-json\/wp\/v2\/product_cat?post=87298"},{"taxonomy":"product_tag","embeddable":true,"href":"https:\/\/www.keramika.com\/srbija\/wp-json\/wp\/v2\/product_tag?post=87298"}],"curies":[{"name":"wp","href":"https:\/\/api.w.org\/{rel}","templated":true}]}}