{"id":87296,"date":"2017-07-01T13:21:22","date_gmt":"2017-07-01T13:21:22","guid":{"rendered":"http:\/\/www.ceramictiles.com\/srbija\/product\/cristal-plata\/"},"modified":"2025-12-31T00:00:06","modified_gmt":"2025-12-31T00:00:06","slug":"cristal-plata","status":"publish","type":"product","link":"https:\/\/www.keramika.com\/srbija\/cristal-plata\/","title":{"rendered":"Cristal Plata"},"content":{"rendered":"<p>Mozaik je debljine 6 mm, \u0161to ga \u010dini izuzetno tvrdim. Veli\u010dina mre\u017ee sa mozaikom je 30&#215;30 cm, \u0161to omogu\u0107ava jednostavnu ugradnju. Na na\u0161em sajtu, \u0107e te dobiti mozaik za samo 3026,8 RSD, dok je u maloprodaji 3784,65 RSD. Mozaik plo\u010dice sive boje, su izuzetno tra\u017eene. Cristal Plata dolazi iz \u0160panije, koja je poznata po vrlo visokoj kvaliteta keramike u svetu.<\/p>\n","protected":false},"excerpt":{"rendered":"<p>Mozaik je debljine 6 mm, \u0161to ga \u010dini izuzetno tvrdim. Veli\u010dina mre\u017ee sa mozaikom je 30&#215;30 cm, \u0161to omogu\u0107ava jednostavnu ugradnju. Na na\u0161em sajtu, \u0107e te dobiti mozaik za samo 3026,8 RSD, dok je u maloprodaji 3784,65 RSD. Mozaik plo\u010dice sive boje, su izuzetno tra\u017eene. Cristal Plata dolazi iz \u0160panije, koja je poznata po vrlo [&hellip;]<\/p>\n","protected":false},"featured_media":87297,"template":"","meta":[],"product_cat":[99946,400,999,430],"product_tag":[],"_links":{"self":[{"href":"https:\/\/www.keramika.com\/srbija\/wp-json\/wp\/v2\/product\/87296"}],"collection":[{"href":"https:\/\/www.keramika.com\/srbija\/wp-json\/wp\/v2\/product"}],"about":[{"href":"https:\/\/www.keramika.com\/srbija\/wp-json\/wp\/v2\/types\/product"}],"wp:featuredmedia":[{"embeddable":true,"href":"https:\/\/www.keramika.com\/srbija\/wp-json\/wp\/v2\/media\/87297"}],"wp:attachment":[{"href":"https:\/\/www.keramika.com\/srbija\/wp-json\/wp\/v2\/media?parent=87296"}],"wp:term":[{"taxonomy":"product_cat","embeddable":true,"href":"https:\/\/www.keramika.com\/srbija\/wp-json\/wp\/v2\/product_cat?post=87296"},{"taxonomy":"product_tag","embeddable":true,"href":"https:\/\/www.keramika.com\/srbija\/wp-json\/wp\/v2\/product_tag?post=87296"}],"curies":[{"name":"wp","href":"https:\/\/api.w.org\/{rel}","templated":true}]}}