{"id":87294,"date":"2017-07-01T13:21:05","date_gmt":"2017-07-01T13:21:05","guid":{"rendered":"http:\/\/www.ceramictiles.com\/srbija\/product\/cristal-rojo\/"},"modified":"2025-12-31T00:00:06","modified_gmt":"2025-12-31T00:00:06","slug":"cristal-rojo","status":"publish","type":"product","link":"https:\/\/www.keramika.com\/srbija\/cristal-rojo\/","title":{"rendered":"Cristal Rojo"},"content":{"rendered":"<p>Veli\u010dina 30&#215;30 cm mre\u017ee, na koju su pritvr\u0111ene mozaik plo\u010dice, je odli\u010dna za pokrivanje povr\u0161ine. Ovaj mozaik je proizveden od proizvo\u0111a\u010da Halcon Ceramicas, iz \u0160panije. Ove lepe, mozaik plo\u010dice crvene boje, \u0107e obogatiti svaki prostor. 6 mm debljine je dovoljno za zahtevnije kupce. U maloprodaji je cena 3784,65 RSD, online cena, pa je samo 3026,8 RSD.<\/p>\n","protected":false},"excerpt":{"rendered":"<p>Veli\u010dina 30&#215;30 cm mre\u017ee, na koju su pritvr\u0111ene mozaik plo\u010dice, je odli\u010dna za pokrivanje povr\u0161ine. Ovaj mozaik je proizveden od proizvo\u0111a\u010da Halcon Ceramicas, iz \u0160panije. Ove lepe, mozaik plo\u010dice crvene boje, \u0107e obogatiti svaki prostor. 6 mm debljine je dovoljno za zahtevnije kupce. U maloprodaji je cena 3784,65 RSD, online cena, pa je samo 3026,8 [&hellip;]<\/p>\n","protected":false},"featured_media":87295,"template":"","meta":[],"product_cat":[99946,400,999,430],"product_tag":[],"_links":{"self":[{"href":"https:\/\/www.keramika.com\/srbija\/wp-json\/wp\/v2\/product\/87294"}],"collection":[{"href":"https:\/\/www.keramika.com\/srbija\/wp-json\/wp\/v2\/product"}],"about":[{"href":"https:\/\/www.keramika.com\/srbija\/wp-json\/wp\/v2\/types\/product"}],"wp:featuredmedia":[{"embeddable":true,"href":"https:\/\/www.keramika.com\/srbija\/wp-json\/wp\/v2\/media\/87295"}],"wp:attachment":[{"href":"https:\/\/www.keramika.com\/srbija\/wp-json\/wp\/v2\/media?parent=87294"}],"wp:term":[{"taxonomy":"product_cat","embeddable":true,"href":"https:\/\/www.keramika.com\/srbija\/wp-json\/wp\/v2\/product_cat?post=87294"},{"taxonomy":"product_tag","embeddable":true,"href":"https:\/\/www.keramika.com\/srbija\/wp-json\/wp\/v2\/product_tag?post=87294"}],"curies":[{"name":"wp","href":"https:\/\/api.w.org\/{rel}","templated":true}]}}