{"id":87290,"date":"2017-07-01T13:20:41","date_gmt":"2017-07-01T13:20:41","guid":{"rendered":"http:\/\/www.ceramictiles.com\/srbija\/product\/klinker-plocice-15-mm-castanho-rubi\/"},"modified":"2025-12-31T00:00:06","modified_gmt":"2025-12-31T00:00:06","slug":"klinker-plocice-15-mm-castanho-rubi","status":"publish","type":"product","link":"https:\/\/www.keramika.com\/srbija\/klinker-plocice-15-mm-castanho-rubi\/","title":{"rendered":"Klinker plo\u010dice 15 mm castanho rubi"},"content":{"rendered":"<p>Proizvodnja Portugala ,koja je poznata u svetu, kao jedana od najboljih proizvo\u0111a\u010da kerami\u010dkih plo\u010dica. Veli\u010dina ove plo\u010dice je 30&#215;30 cm. Keramika je prekrasne braon boje. U koliko \u017eelite neku drugu boju, pozovite nas i mi \u0107emo proveriti kod proizvo\u0111a\u010da. U maloprodaji bi morali za tu plo\u010dicu platiti 3313,15 RSD, online cena je samo 2650,75 RSD. Debljina plo\u010dice, je vrlo va\u017ena 15 mm i ubraja tu plo\u010dicu me\u0111u najkvalitetnije.<\/p>\n<p><a class=\"pdfcatal\" href=\"\/\/www.ceramictiles.com\/pdf\/e-ceramica\/clinker_catalogue.pdf\"> Klinker Katalog<\/a\n\n\n<\/p>\n","protected":false},"excerpt":{"rendered":"<p>Proizvodnja Portugala ,koja je poznata u svetu, kao jedana od najboljih proizvo\u0111a\u010da kerami\u010dkih plo\u010dica. Veli\u010dina ove plo\u010dice je 30&#215;30 cm. Keramika je prekrasne braon boje. U koliko \u017eelite neku drugu boju, pozovite nas i mi \u0107emo proveriti kod proizvo\u0111a\u010da. U maloprodaji bi morali za tu plo\u010dicu platiti 3313,15 RSD, online cena je samo 2650,75 RSD. [&hellip;]<\/p>\n","protected":false},"featured_media":87291,"template":"","meta":[],"product_cat":[99921411,150,100,999,110],"product_tag":[],"_links":{"self":[{"href":"https:\/\/www.keramika.com\/srbija\/wp-json\/wp\/v2\/product\/87290"}],"collection":[{"href":"https:\/\/www.keramika.com\/srbija\/wp-json\/wp\/v2\/product"}],"about":[{"href":"https:\/\/www.keramika.com\/srbija\/wp-json\/wp\/v2\/types\/product"}],"wp:featuredmedia":[{"embeddable":true,"href":"https:\/\/www.keramika.com\/srbija\/wp-json\/wp\/v2\/media\/87291"}],"wp:attachment":[{"href":"https:\/\/www.keramika.com\/srbija\/wp-json\/wp\/v2\/media?parent=87290"}],"wp:term":[{"taxonomy":"product_cat","embeddable":true,"href":"https:\/\/www.keramika.com\/srbija\/wp-json\/wp\/v2\/product_cat?post=87290"},{"taxonomy":"product_tag","embeddable":true,"href":"https:\/\/www.keramika.com\/srbija\/wp-json\/wp\/v2\/product_tag?post=87290"}],"curies":[{"name":"wp","href":"https:\/\/api.w.org\/{rel}","templated":true}]}}