{"id":87286,"date":"2017-07-01T13:20:16","date_gmt":"2017-07-01T13:20:16","guid":{"rendered":"http:\/\/www.ceramictiles.com\/srbija\/product\/klinker-plocice-15-mm-rubi\/"},"modified":"2025-12-31T00:00:05","modified_gmt":"2025-12-31T00:00:05","slug":"klinker-plocice-15-mm-rubi","status":"publish","type":"product","link":"https:\/\/www.keramika.com\/srbija\/klinker-plocice-15-mm-rubi\/","title":{"rendered":"Klinker plo\u010dice 15 mm rubi"},"content":{"rendered":"<p>Debljina plo\u010dice, je vrlo va\u017ena 15 mm i ubraja tu plo\u010dicu me\u0111u najkvalitetnije. Izuzetno moderne plo\u010dice crvene boje, osve\u017eit \u0107e svaki prostor. Proizvodnja Portugala ,koja je poznata u svetu, kao jedana od najboljih proizvo\u0111a\u010da kerami\u010dkih plo\u010dica. Outside klinker rubi je dostupna po vrlo povoljnim cenama 2524,25 RSD. Veli\u010dina 30&#215;30 cm je odli\u010dna za sve podloge.<\/p>\n<p><a class=\"pdfcatal\" href=\"\/\/www.ceramictiles.com\/pdf\/e-ceramica\/clinker_catalogue.pdf\"> Klinker Katalog<\/a\n\n\n<\/p>\n","protected":false},"excerpt":{"rendered":"<p>Debljina plo\u010dice, je vrlo va\u017ena 15 mm i ubraja tu plo\u010dicu me\u0111u najkvalitetnije. Izuzetno moderne plo\u010dice crvene boje, osve\u017eit \u0107e svaki prostor. Proizvodnja Portugala ,koja je poznata u svetu, kao jedana od najboljih proizvo\u0111a\u010da kerami\u010dkih plo\u010dica. Outside klinker rubi je dostupna po vrlo povoljnim cenama 2524,25 RSD. Veli\u010dina 30&#215;30 cm je odli\u010dna za sve podloge. [&hellip;]<\/p>\n","protected":false},"featured_media":87287,"template":"","meta":[],"product_cat":[99921411,150,100,999,110],"product_tag":[],"_links":{"self":[{"href":"https:\/\/www.keramika.com\/srbija\/wp-json\/wp\/v2\/product\/87286"}],"collection":[{"href":"https:\/\/www.keramika.com\/srbija\/wp-json\/wp\/v2\/product"}],"about":[{"href":"https:\/\/www.keramika.com\/srbija\/wp-json\/wp\/v2\/types\/product"}],"wp:featuredmedia":[{"embeddable":true,"href":"https:\/\/www.keramika.com\/srbija\/wp-json\/wp\/v2\/media\/87287"}],"wp:attachment":[{"href":"https:\/\/www.keramika.com\/srbija\/wp-json\/wp\/v2\/media?parent=87286"}],"wp:term":[{"taxonomy":"product_cat","embeddable":true,"href":"https:\/\/www.keramika.com\/srbija\/wp-json\/wp\/v2\/product_cat?post=87286"},{"taxonomy":"product_tag","embeddable":true,"href":"https:\/\/www.keramika.com\/srbija\/wp-json\/wp\/v2\/product_tag?post=87286"}],"curies":[{"name":"wp","href":"https:\/\/api.w.org\/{rel}","templated":true}]}}