{"id":87284,"date":"2017-07-01T13:20:03","date_gmt":"2017-07-01T13:20:03","guid":{"rendered":"http:\/\/www.ceramictiles.com\/srbija\/product\/podne-porcelanske-plocice-heart-of-stone-beige\/"},"modified":"2025-12-31T00:00:05","modified_gmt":"2025-12-31T00:00:05","slug":"podne-porcelanske-plocice-heart-of-stone-beige","status":"publish","type":"product","link":"https:\/\/www.keramika.com\/srbija\/podne-porcelanske-plocice-heart-of-stone-beige\/","title":{"rendered":"Podne porcelanske plo\u010dice Heart of Stone Beige"},"content":{"rendered":"<p>Plo\u010dica je debela 9 mm, \u0161to je ubraja u tvrde plo\u010dice. Veli\u010dina ove plo\u010dice je 49&#215;49 cm. Ove plo\u010dice dolaze od proizvo\u0111a\u010da Cinca, iz Portugala. Keramika je prekrasne be\u017e boje. U koliko \u017eelite neku drugu boju, pozovite nas i mi \u0107emo proveriti kod proizvo\u0111a\u010da. Heart of Stone Beige je dostupna po vrlo povoljnim cenama 5865 RSD.<\/p>\n<p>Kliknite na ime serije za sve plo\u010dice u toj seriji: <a class=\"pdfcatal\" href=\"\/\/www.ceramictiles.com\/pdf\/cinca\/heart_of_stone.pdf\" onclick=\"recordOutboundLink(this, 'E-mail', 'Description PDF');return false;\">Cinca Heart of Stone<\/a><\/p>\n<p>Da bi naru\u010dili model iz PDF kataloga ove serije, molimo vas, da nas kontaktirate na: <a href=\"mailto:zo_mi@ceramictiles.com\" onclick=\"recordOutboundLink(this, 'E-mail', 'Description mail');return false;\">zo_mi@ceramictiles.com<\/a> ili nas pozovite na: For exact offer, PLS send us quantity and product you need with delivery address..<\/p>\n<p>Technical description: <br \/> F 49&#215;99 ; 49&#215;49 ; 32&#215;49 ; 12&#215;49 ; 8,5&#215;49 ; 50&#215;50 ; 33&#215;33 ; 16&#215;33 ; 16&#215;16 <br \/>Heart Of Stone Bege ; Heart Of Stone Noz ; Heart Of Stone Cinza ; Heart Of Stone Cinza Escuro ; Heart Of Stone Preto ;<\/p>\n","protected":false},"excerpt":{"rendered":"<p>Plo\u010dica je debela 9 mm, \u0161to je ubraja u tvrde plo\u010dice. Veli\u010dina ove plo\u010dice je 49&#215;49 cm. Ove plo\u010dice dolaze od proizvo\u0111a\u010da Cinca, iz Portugala. Keramika je prekrasne be\u017e boje. U koliko \u017eelite neku drugu boju, pozovite nas i mi \u0107emo proveriti kod proizvo\u0111a\u010da. Heart of Stone Beige je dostupna po vrlo povoljnim cenama 5865 [&hellip;]<\/p>\n","protected":false},"featured_media":87285,"template":"","meta":[],"product_cat":[999968,200,220,240,999,250],"product_tag":[],"_links":{"self":[{"href":"https:\/\/www.keramika.com\/srbija\/wp-json\/wp\/v2\/product\/87284"}],"collection":[{"href":"https:\/\/www.keramika.com\/srbija\/wp-json\/wp\/v2\/product"}],"about":[{"href":"https:\/\/www.keramika.com\/srbija\/wp-json\/wp\/v2\/types\/product"}],"wp:featuredmedia":[{"embeddable":true,"href":"https:\/\/www.keramika.com\/srbija\/wp-json\/wp\/v2\/media\/87285"}],"wp:attachment":[{"href":"https:\/\/www.keramika.com\/srbija\/wp-json\/wp\/v2\/media?parent=87284"}],"wp:term":[{"taxonomy":"product_cat","embeddable":true,"href":"https:\/\/www.keramika.com\/srbija\/wp-json\/wp\/v2\/product_cat?post=87284"},{"taxonomy":"product_tag","embeddable":true,"href":"https:\/\/www.keramika.com\/srbija\/wp-json\/wp\/v2\/product_tag?post=87284"}],"curies":[{"name":"wp","href":"https:\/\/api.w.org\/{rel}","templated":true}]}}