{"id":87278,"date":"2017-07-01T13:19:26","date_gmt":"2017-07-01T13:19:26","guid":{"rendered":"http:\/\/www.ceramictiles.com\/srbija\/product\/podne-i-zidne-plocice-talia-anthracite\/"},"modified":"2025-12-31T00:00:05","modified_gmt":"2025-12-31T00:00:05","slug":"podne-i-zidne-plocice-talia-anthracite","status":"publish","type":"product","link":"https:\/\/www.keramika.com\/srbija\/podne-i-zidne-plocice-talia-anthracite\/","title":{"rendered":"Podne i zidne plo\u010dice Talia Anthracite"},"content":{"rendered":"<p>Veli\u010dina plo\u010dice je 25&#215;45 cm i odli\u010dna je za razli\u010dite povr\u0161ine. Debljina 9 mm \u010dini plo\u010dicu vrlo izdr\u017eljivom i prijatnom na dodir. 3456,9 RSD je redovna prodajna cena keramike, tu pa samo 2765,75 RSD. Talia Anthracite dolazi iz Portugala, koja je poznata po vrlo visokoj kvaliteta keramike u svetu. Ove sive kerami\u010dke plo\u010dice, obogatit \u0107e svaki prostor.<\/p>\n<p>Kliknite na ime serije za sve plo\u010dice u toj seriji: <a class=\"pdfcatal\" href=\"\/\/www.ceramictiles.com\/pdf\/cinca\/talia.pdf\" onclick=\"recordOutboundLink(this, 'E-mail', 'Description PDF');return false;\">Cinca Talia<\/a><\/p>\n<p>Da bi naru\u010dili model iz PDF kataloga ove serije, molimo vas, da nas kontaktirate na: <a href=\"mailto:zo_mi@ceramictiles.com\" onclick=\"recordOutboundLink(this, 'E-mail', 'Description mail');return false;\">zo_mi@ceramictiles.com<\/a> ili nas pozovite na: For exact offer, PLS send us quantity and product you need with delivery address..<\/p>\n<p>Technical description: <br \/> W &#038; F 32&#215;75 ; 32&#215;32 ; 25&#215;45 <br \/>Talia P\u00e9rola ; Talia Bronze ; Talia Cinza ; Talia Antracite ;<\/p>\n","protected":false},"excerpt":{"rendered":"<p>Veli\u010dina plo\u010dice je 25&#215;45 cm i odli\u010dna je za razli\u010dite povr\u0161ine. Debljina 9 mm \u010dini plo\u010dicu vrlo izdr\u017eljivom i prijatnom na dodir. 3456,9 RSD je redovna prodajna cena keramike, tu pa samo 2765,75 RSD. Talia Anthracite dolazi iz Portugala, koja je poznata po vrlo visokoj kvaliteta keramike u svetu. Ove sive kerami\u010dke plo\u010dice, obogatit \u0107e [&hellip;]<\/p>\n","protected":false},"featured_media":87279,"template":"","meta":[],"product_cat":[999968,200,220,240,999,250],"product_tag":[],"_links":{"self":[{"href":"https:\/\/www.keramika.com\/srbija\/wp-json\/wp\/v2\/product\/87278"}],"collection":[{"href":"https:\/\/www.keramika.com\/srbija\/wp-json\/wp\/v2\/product"}],"about":[{"href":"https:\/\/www.keramika.com\/srbija\/wp-json\/wp\/v2\/types\/product"}],"wp:featuredmedia":[{"embeddable":true,"href":"https:\/\/www.keramika.com\/srbija\/wp-json\/wp\/v2\/media\/87279"}],"wp:attachment":[{"href":"https:\/\/www.keramika.com\/srbija\/wp-json\/wp\/v2\/media?parent=87278"}],"wp:term":[{"taxonomy":"product_cat","embeddable":true,"href":"https:\/\/www.keramika.com\/srbija\/wp-json\/wp\/v2\/product_cat?post=87278"},{"taxonomy":"product_tag","embeddable":true,"href":"https:\/\/www.keramika.com\/srbija\/wp-json\/wp\/v2\/product_tag?post=87278"}],"curies":[{"name":"wp","href":"https:\/\/api.w.org\/{rel}","templated":true}]}}