{"id":41203,"date":"2017-07-03T09:13:50","date_gmt":"2017-07-03T09:13:50","guid":{"rendered":"http:\/\/www.ceramictiles.com\/srbija\/plocice-za-kupatila\/"},"modified":"2017-07-03T09:13:50","modified_gmt":"2017-07-03T09:13:50","slug":"plocice-za-kupatila","status":"publish","type":"page","link":"https:\/\/www.keramika.com\/srbija\/plocice-za-kupatila\/","title":{"rendered":"Plo\u010dice za kupatila"},"content":{"rendered":"<p>\u0160panska keramika za vas. Prodajemo samo pravnim licima ( preduze\u0107ima ).<br \/>\n<\/p>\n<div style=\"height: 400px;\">\n<div class=\"photo\" style=\"padding:0px;margin:0px;\" ><a href=\"#productimage3\"><img loading=\"lazy\" class=\"aligncenter\" src=\"https:\/\/www.ceramictiles.com\/images\/e-ceramica\/kkp10x30sr.jpg\" alt=\" width=\"400\" height=\"400\" \/><\/a><\/div>\n<\/div>\n<div style=\"display: none;\" id=\"productimage3\"> <img src=\"https:\/\/www.ceramictiles.com\/images\/e-ceramica\/kkp10x30sr.jpg\" alt=\"helmet\"> <\/div>\n","protected":false},"excerpt":{"rendered":"<p>\u0160panska keramika za vas. Prodajemo samo pravnim licima ( preduze\u0107ima ).<\/p>\n","protected":false},"author":1,"featured_media":0,"parent":0,"menu_order":0,"comment_status":"closed","ping_status":"closed","template":"","meta":[],"_links":{"self":[{"href":"https:\/\/www.keramika.com\/srbija\/wp-json\/wp\/v2\/pages\/41203"}],"collection":[{"href":"https:\/\/www.keramika.com\/srbija\/wp-json\/wp\/v2\/pages"}],"about":[{"href":"https:\/\/www.keramika.com\/srbija\/wp-json\/wp\/v2\/types\/page"}],"author":[{"embeddable":true,"href":"https:\/\/www.keramika.com\/srbija\/wp-json\/wp\/v2\/users\/1"}],"replies":[{"embeddable":true,"href":"https:\/\/www.keramika.com\/srbija\/wp-json\/wp\/v2\/comments?post=41203"}],"version-history":[{"count":0,"href":"https:\/\/www.keramika.com\/srbija\/wp-json\/wp\/v2\/pages\/41203\/revisions"}],"wp:attachment":[{"href":"https:\/\/www.keramika.com\/srbija\/wp-json\/wp\/v2\/media?parent=41203"}],"curies":[{"name":"wp","href":"https:\/\/api.w.org\/{rel}","templated":true}]}}