{"id":4,"date":"2017-07-03T09:13:50","date_gmt":"2017-07-03T09:13:50","guid":{"rendered":"http:\/\/www.ceramictiles.com\/srbija\/gde-ce-te-nas-naci\/"},"modified":"2019-05-26T09:23:20","modified_gmt":"2019-05-26T09:23:20","slug":"gde-ce-te-nas-naci","status":"publish","type":"page","link":"https:\/\/www.keramika.com\/srbija\/gde-ce-te-nas-naci\/","title":{"rendered":"Gde \u0107e te nas na\u0107i"},"content":{"rendered":"<p>To je direktna trgovina od proizvo\u0111a\u010da do krajnjeg klijenta.<\/p>\n<p>Da biste dobili na\u0161u najbolju ponudu, po\u0161aljite nam ta\u010dan model koji vam je potreban, koli\u010dinu i adresu za isporuku.<\/p>\n<p>Ekskluzivnost prodaje proizvoda<\/p>\n<p>Za narud\u017ebu 1 palete mjese\u010dno, imat c\u0301ete ekskluzivnost za proizvod koji naru\u010dujete. Odaberite bilo koji predstavljeni proizvod na veb stranici ili proizvodu iz kataloga <strong><em><a href=\"\/\/www.ceramictiles.com\/pdf\/e-ceramica\/ceramic_tiles_catalogue.pdf\">e-Ceramica plo\u010dice<\/a><\/em><\/strong><\/p>\n<p>Na ovoj stranici za va\u0161 proizvod, mi c\u0301emo dodati va\u0161e podatke (kontakt osoba, mail, telefon, maloprdajna cena\u2026 tako da ko god da je zainetresovan, kontaktirac\u0301e vas direktno. Prakti\u010dno prodajemo va\u0161 proizvod za vas.<br \/>\n<strong><em><a href=\"mailto:zo_mi@ceramictiles.com\">Kontaktirajte nas na mail<\/a><\/em><\/strong>\u00a0ili nas nazovite: \u00a0For exact offer, PLS send us quantity and product you need with delivery address..<\/p>\n<p>Hvala vam \u0161to ste posetili na\u0161u veb stranicu.<\/p>\n<p><center><iframe loading=\"lazy\" src=\"http:\/\/maps.google.com\/maps\/ms?msid=205427928943340958567.0004a637f442eb516aca3&amp;msa=0&amp;ie=UTF8&amp;t=m&amp;vpsrc=0&amp;ll=44.52001,20.753174&amp;spn=6.743895,9.876709&amp;output=embed\" width=\"550\" height=\"360\" frameborder=\"0\" marginwidth=\"0\" marginheight=\"0\" scrolling=\"no\"><\/iframe><br \/>\n<small><a style=\"color: #0000ff; text-align: left;\" href=\"http:\/\/maps.google.com\/maps\/ms?msid=205427928943340958567.0004a637f442eb516aca3&amp;msa=0&amp;ie=UTF8&amp;t=m&amp;vpsrc=0&amp;ll=44.52001,20.753174&amp;spn=6.743895,9.876709&amp;source=embed\">e-Ceramica Srbija<\/a><\/small><\/center><\/p>\n","protected":false},"excerpt":{"rendered":"<p>To je direktna trgovina od proizvo\u0111a\u010da do krajnjeg klijenta. Da biste dobili na\u0161u najbolju ponudu, po\u0161aljite nam ta\u010dan model koji vam je potreban, koli\u010dinu i adresu za isporuku. Ekskluzivnost prodaje proizvoda Za narud\u017ebu 1 palete mjese\u010dno, imat c\u0301ete ekskluzivnost za proizvod koji naru\u010dujete. Odaberite bilo koji predstavljeni proizvod na veb stranici ili proizvodu iz kataloga [&hellip;]<\/p>\n","protected":false},"author":1,"featured_media":0,"parent":0,"menu_order":0,"comment_status":"closed","ping_status":"closed","template":"","meta":[],"_links":{"self":[{"href":"https:\/\/www.keramika.com\/srbija\/wp-json\/wp\/v2\/pages\/4"}],"collection":[{"href":"https:\/\/www.keramika.com\/srbija\/wp-json\/wp\/v2\/pages"}],"about":[{"href":"https:\/\/www.keramika.com\/srbija\/wp-json\/wp\/v2\/types\/page"}],"author":[{"embeddable":true,"href":"https:\/\/www.keramika.com\/srbija\/wp-json\/wp\/v2\/users\/1"}],"replies":[{"embeddable":true,"href":"https:\/\/www.keramika.com\/srbija\/wp-json\/wp\/v2\/comments?post=4"}],"version-history":[{"count":4,"href":"https:\/\/www.keramika.com\/srbija\/wp-json\/wp\/v2\/pages\/4\/revisions"}],"predecessor-version":[{"id":99950,"href":"https:\/\/www.keramika.com\/srbija\/wp-json\/wp\/v2\/pages\/4\/revisions\/99950"}],"wp:attachment":[{"href":"https:\/\/www.keramika.com\/srbija\/wp-json\/wp\/v2\/media?parent=4"}],"curies":[{"name":"wp","href":"https:\/\/api.w.org\/{rel}","templated":true}]}}