{"id":26797,"date":"2017-07-03T09:13:50","date_gmt":"2017-07-03T09:13:50","guid":{"rendered":"http:\/\/www.ceramictiles.com\/srbija\/keramika-subotica\/"},"modified":"2019-06-28T05:27:22","modified_gmt":"2019-06-28T05:27:22","slug":"keramika-subotica","status":"publish","type":"page","link":"https:\/\/www.keramika.com\/srbija\/keramika-subotica\/","title":{"rendered":"Keramika Subotica"},"content":{"rendered":"<p>Tra\u017eimo ekskluzivnog distributera za Va\u0161 grad \u2026<br>\n\u010cetiri razloga da to postanete :<br>\n<span style=\"color: #000000;\"><strong>&#8211; 4 827 kolekcije u ponudi <a href=\" https:\/\/www.keramika.com\/zrbija\/kategorija\/proizvodzaci\/\"><span style=\"color: #000000;\">(pogledajte na\u0161u ponudu za Srbiju \u2013 Klik.. <\/span><\/a>).<\/strong><\/span><\/p>\n<p><span style=\"color: #000000;\"><strong>&#8211; 59 proizvo\u0111a\u010da keramike <a href=\"\/\/www.e-ceramica.com\/#brands\"><span style=\"color: #000000;\">( pogledajte \u2013 Klik.. )<\/span><\/a><\/strong><\/span><\/p>\n<p><span style=\"color: #000000;\"><strong>&#8211; Besplatno reklamiranje na najposje\u0107nijim web stranicama, \u0161to pove\u0107ava va\u0161u prodaju.<\/strong><\/span><\/p>\n<p><span style=\"color: #000000;\"><strong>&#8211; Mi prodajemo proizvode za Vas. Svaki kupac iz va\u0161eg grada koji nas pozove ili nam pi\u0161e je va\u0161 kupac. Va\u0161 dijo posla je da mu organizirata dostavu naru\u010denih prozvoda. Za taj posao dobijate razliku izme\u0111u maloprodajne i veleprodajne cijene.<\/strong><\/span><\/p>\n<p>Pozovite me da se dogovorimo \u2013 zajedno smo ja\u010di.<\/p>\n<p>Kompletna ponuda na\u0161ih prozvoda sa maloprodajnim cijenama :<br>\nKramika ; Klinker plo\u010dice ; Kerami\u010dke plo\u010dice; Kuhinjske kerami\u010dke plo\u010dice ; Podne kerami\u010dke plo\u010dice ; Zidne kerami\u010dke plo\u010dice ; Porcelanske plo\u010dice ; Mozaik ; Sanitarna oprema ; Sanitarna keramika; WC \u0161olje ; Lavabo ; Baterije ;<\/p>\n\n\n&#8212;\n","protected":false},"excerpt":{"rendered":"<p>Tra\u017eimo ekskluzivnog distributera za Va\u0161 grad \u2026 \u010cetiri razloga da to postanete : &#8211; 4 827 kolekcije u ponudi (pogledajte na\u0161u ponudu za Srbiju \u2013 Klik.. ). &#8211; 59 proizvo\u0111a\u010da keramike ( pogledajte \u2013 Klik.. ) &#8211; Besplatno reklamiranje na najposje\u0107nijim web stranicama, \u0161to pove\u0107ava va\u0161u prodaju. &#8211; Mi prodajemo proizvode za Vas. Svaki kupac [&hellip;]<\/p>\n","protected":false},"author":1,"featured_media":0,"parent":0,"menu_order":0,"comment_status":"closed","ping_status":"closed","template":"","meta":[],"_links":{"self":[{"href":"https:\/\/www.keramika.com\/srbija\/wp-json\/wp\/v2\/pages\/26797"}],"collection":[{"href":"https:\/\/www.keramika.com\/srbija\/wp-json\/wp\/v2\/pages"}],"about":[{"href":"https:\/\/www.keramika.com\/srbija\/wp-json\/wp\/v2\/types\/page"}],"author":[{"embeddable":true,"href":"https:\/\/www.keramika.com\/srbija\/wp-json\/wp\/v2\/users\/1"}],"replies":[{"embeddable":true,"href":"https:\/\/www.keramika.com\/srbija\/wp-json\/wp\/v2\/comments?post=26797"}],"version-history":[{"count":5,"href":"https:\/\/www.keramika.com\/srbija\/wp-json\/wp\/v2\/pages\/26797\/revisions"}],"predecessor-version":[{"id":99978,"href":"https:\/\/www.keramika.com\/srbija\/wp-json\/wp\/v2\/pages\/26797\/revisions\/99978"}],"wp:attachment":[{"href":"https:\/\/www.keramika.com\/srbija\/wp-json\/wp\/v2\/media?parent=26797"}],"curies":[{"name":"wp","href":"https:\/\/api.w.org\/{rel}","templated":true}]}}