{"id":14,"date":"2017-07-03T09:13:50","date_gmt":"2017-07-03T09:13:50","guid":{"rendered":"http:\/\/www.ceramictiles.com\/srbija\/kontakt\/"},"modified":"2020-05-31T08:00:29","modified_gmt":"2020-05-31T08:00:29","slug":"kontakt","status":"publish","type":"page","link":"https:\/\/www.keramika.com\/srbija\/kontakt\/","title":{"rendered":"Kontakt"},"content":{"rendered":"<p>Prodaju vr\u0161imo samo pravnim licima, na pariteti EXW ( natovareno na va\u0161 kamijon u tvornici ).<\/p>\n<p>Za teritoriju Srbije tra\u017eimo predstavanike. U koliko imate preduze\u0107e, javi te se.<\/p>\n<p>Zoran Mili\u0107<\/p>\n<p>T: <strong>For exact offer, PLS send us quantity and product you need with delivery address.<\/strong><\/p>\n<p>E-mail: <em><a href=\"mailto: zo_mi@ceramictiles.com\"><b>zo_mi@ceramictiles.com<\/b><\/a><\/em><\/p>\n","protected":false},"excerpt":{"rendered":"<p>Prodaju vr\u0161imo samo pravnim licima, na pariteti EXW ( natovareno na va\u0161 kamijon u tvornici ). Za teritoriju Srbije tra\u017eimo predstavanike. U koliko imate preduze\u0107e, javi te se. Zoran Mili\u0107 T: For exact offer, PLS send us quantity and product you need with delivery address. E-mail: zo_mi@ceramictiles.com<\/p>\n","protected":false},"author":1,"featured_media":0,"parent":0,"menu_order":0,"comment_status":"closed","ping_status":"closed","template":"","meta":[],"_links":{"self":[{"href":"https:\/\/www.keramika.com\/srbija\/wp-json\/wp\/v2\/pages\/14"}],"collection":[{"href":"https:\/\/www.keramika.com\/srbija\/wp-json\/wp\/v2\/pages"}],"about":[{"href":"https:\/\/www.keramika.com\/srbija\/wp-json\/wp\/v2\/types\/page"}],"author":[{"embeddable":true,"href":"https:\/\/www.keramika.com\/srbija\/wp-json\/wp\/v2\/users\/1"}],"replies":[{"embeddable":true,"href":"https:\/\/www.keramika.com\/srbija\/wp-json\/wp\/v2\/comments?post=14"}],"version-history":[{"count":3,"href":"https:\/\/www.keramika.com\/srbija\/wp-json\/wp\/v2\/pages\/14\/revisions"}],"predecessor-version":[{"id":99998,"href":"https:\/\/www.keramika.com\/srbija\/wp-json\/wp\/v2\/pages\/14\/revisions\/99998"}],"wp:attachment":[{"href":"https:\/\/www.keramika.com\/srbija\/wp-json\/wp\/v2\/media?parent=14"}],"curies":[{"name":"wp","href":"https:\/\/api.w.org\/{rel}","templated":true}]}}