{"id":99990,"date":"2017-03-22T22:29:51","date_gmt":"2017-03-22T22:29:51","guid":{"rendered":"http:\/\/keramika.holest.com\/slovenija\/product\/vidrepur-mozaik-blanco-38x38\/"},"modified":"2026-01-01T00:00:40","modified_gmt":"2026-01-01T00:00:40","slug":"vidrepur-mozaik-blanco-38x38","status":"publish","type":"product","link":"https:\/\/www.keramika.com\/slovenija\/vidrepur-mozaik-blanco-38x38\/","title":{"rendered":"Vidrepur mozaik Blanco 38&#215;38"},"content":{"rendered":"<p>4 mm je debelina, ki zadovolji tudi zahtevnej\u0161e kupce. Pri izbiri mozaika v glavni beli barvi ne morete zgre\u0161iti. Dimenzije mre\u017ee na katero je pripet ta mozaik so 31,5&#215;31,5 cm. Mre\u017ea omogo\u010da enostavnej\u0161e polaganje. Vidrepur mosaico Blanco 38&#215;38 prihaja iz \u0160panije, ki je znana po zelo kvalitetni keramiki v svetovnem merilu. Namesto 45,84 EUR kot bi za ta mozaik od\u0161teli v klasi\u010dni trgovini, boste v na\u0161i spletni prodajalni od\u0161teli le 36,67 EUR.<\/p>\n<p>Kliknite na ime kolekcije za ogled vseh plo\u0161\u010dic iz te serije: <a class=\"pdfcatal\" href=\"\/\/www.ceramictiles.com\/pdf\/vidrepur\/catalogue_vidrepur_colors.pdf\" onclick=\"recordOutboundLink(this, 'E-mail', 'Description PDF');return false;\">Vidrepur Colors<\/a><\/p>\n<p>\u010ce \u017eelite naro\u010diti model iz pdf kataloga te kolekcije, nam pi\u0161ite na: <a href=\"mailto:keramoteka.salon@gmail.com\" onclick=\"recordOutboundLink(this, 'E-mail', 'Description mail');return false;\">keramoteka.salon@gmail.com<\/a> ali pa nas pokli\u010dite na: +386 31 255 900.<\/p>\n<p>Technical description: <\/p>\n<p>Min. 1 box &#8211; Delivery 30 Euro\/box in EU<\/p>\n","protected":false},"excerpt":{"rendered":"<p>4 mm je debelina, ki zadovolji tudi zahtevnej\u0161e kupce. Pri izbiri mozaika v glavni beli barvi ne morete zgre\u0161iti. Dimenzije mre\u017ee na katero je pripet ta mozaik so 31,5&#215;31,5 cm. Mre\u017ea omogo\u010da enostavnej\u0161e polaganje. Vidrepur mosaico Blanco 38&#215;38 prihaja iz \u0160panije, ki je znana po zelo kvalitetni keramiki v svetovnem merilu. Namesto 45,84 EUR kot [&hellip;]<\/p>\n","protected":false},"featured_media":99991,"template":"","meta":[],"product_cat":[400,999,410,9991712],"product_tag":[],"_links":{"self":[{"href":"https:\/\/www.keramika.com\/slovenija\/wp-json\/wp\/v2\/product\/99990"}],"collection":[{"href":"https:\/\/www.keramika.com\/slovenija\/wp-json\/wp\/v2\/product"}],"about":[{"href":"https:\/\/www.keramika.com\/slovenija\/wp-json\/wp\/v2\/types\/product"}],"wp:featuredmedia":[{"embeddable":true,"href":"https:\/\/www.keramika.com\/slovenija\/wp-json\/wp\/v2\/media\/99991"}],"wp:attachment":[{"href":"https:\/\/www.keramika.com\/slovenija\/wp-json\/wp\/v2\/media?parent=99990"}],"wp:term":[{"taxonomy":"product_cat","embeddable":true,"href":"https:\/\/www.keramika.com\/slovenija\/wp-json\/wp\/v2\/product_cat?post=99990"},{"taxonomy":"product_tag","embeddable":true,"href":"https:\/\/www.keramika.com\/slovenija\/wp-json\/wp\/v2\/product_tag?post=99990"}],"curies":[{"name":"wp","href":"https:\/\/api.w.org\/{rel}","templated":true}]}}