{"id":99982,"date":"2017-03-22T22:29:36","date_gmt":"2017-03-22T22:29:36","guid":{"rendered":"http:\/\/keramika.holest.com\/slovenija\/product\/vidrepur-mozaik-niebla-gris-claro-12x25\/"},"modified":"2026-01-01T00:00:39","modified_gmt":"2026-01-01T00:00:39","slug":"vidrepur-mozaik-niebla-gris-claro-12x25","status":"publish","type":"product","link":"https:\/\/www.keramika.com\/slovenija\/vidrepur-mozaik-niebla-gris-claro-12x25\/","title":{"rendered":"Vidrepur mozaik Niebla Gris Claro 12&#215;25"},"content":{"rendered":"<p>Redna cena tega mozaika v maloprodaji zna\u0161a 153,12 EUR, v na\u0161i spletni trgovini pa ga lahko dobite \u017ee za 122,5 EUR. Vidrepur mosaico Niebla Gris Claro 12&#215;25 je plo\u0161\u010dica proizvajalca Vidrepur in prihaja iz \u0160panije. 4 mm je debelina, ki zadovolji tudi zahtevnej\u0161e kupce. Keramika v sivi barvi popestri vsak prostor. Z velikostjo mre\u017ee 31,5&#215;31,5 cm na katero je pripet, je ta mozaik primeren ze razli\u010dne povr\u0161ine.<\/p>\n<p>Kliknite na ime kolekcije za ogled vseh plo\u0161\u010dic iz te serije: <a class=\"pdfcatal\" href=\"\/\/www.ceramictiles.com\/pdf\/vidrepur\/catalogue_vidrepur_colors.pdf\" onclick=\"recordOutboundLink(this, 'E-mail', 'Description PDF');return false;\">Vidrepur Colors<\/a><\/p>\n<p>\u010ce \u017eelite naro\u010diti model iz pdf kataloga te kolekcije, nam pi\u0161ite na: <a href=\"mailto:keramoteka.salon@gmail.com\" onclick=\"recordOutboundLink(this, 'E-mail', 'Description mail');return false;\">keramoteka.salon@gmail.com<\/a> ali pa nas pokli\u010dite na: +386 31 255 900.<\/p>\n<p>Technical description: <\/p>\n<p>Min. 1 box &#8211; Delivery 30 Euro\/box in EU<\/p>\n","protected":false},"excerpt":{"rendered":"<p>Redna cena tega mozaika v maloprodaji zna\u0161a 153,12 EUR, v na\u0161i spletni trgovini pa ga lahko dobite \u017ee za 122,5 EUR. Vidrepur mosaico Niebla Gris Claro 12&#215;25 je plo\u0161\u010dica proizvajalca Vidrepur in prihaja iz \u0160panije. 4 mm je debelina, ki zadovolji tudi zahtevnej\u0161e kupce. Keramika v sivi barvi popestri vsak prostor. Z velikostjo mre\u017ee 31,5&#215;31,5 [&hellip;]<\/p>\n","protected":false},"featured_media":99983,"template":"","meta":[],"product_cat":[400,999,410,9991712],"product_tag":[],"_links":{"self":[{"href":"https:\/\/www.keramika.com\/slovenija\/wp-json\/wp\/v2\/product\/99982"}],"collection":[{"href":"https:\/\/www.keramika.com\/slovenija\/wp-json\/wp\/v2\/product"}],"about":[{"href":"https:\/\/www.keramika.com\/slovenija\/wp-json\/wp\/v2\/types\/product"}],"wp:featuredmedia":[{"embeddable":true,"href":"https:\/\/www.keramika.com\/slovenija\/wp-json\/wp\/v2\/media\/99983"}],"wp:attachment":[{"href":"https:\/\/www.keramika.com\/slovenija\/wp-json\/wp\/v2\/media?parent=99982"}],"wp:term":[{"taxonomy":"product_cat","embeddable":true,"href":"https:\/\/www.keramika.com\/slovenija\/wp-json\/wp\/v2\/product_cat?post=99982"},{"taxonomy":"product_tag","embeddable":true,"href":"https:\/\/www.keramika.com\/slovenija\/wp-json\/wp\/v2\/product_tag?post=99982"}],"curies":[{"name":"wp","href":"https:\/\/api.w.org\/{rel}","templated":true}]}}