{"id":99852,"date":"2017-03-22T22:27:30","date_gmt":"2017-03-22T22:27:30","guid":{"rendered":"http:\/\/keramika.holest.com\/slovenija\/product\/vidrepur-mozaik-beige-12x12\/"},"modified":"2026-01-01T00:00:25","modified_gmt":"2026-01-01T00:00:25","slug":"vidrepur-mozaik-beige-12x12","status":"publish","type":"product","link":"https:\/\/www.keramika.com\/slovenija\/vidrepur-mozaik-beige-12x12\/","title":{"rendered":"Vidrepur mozaik Beige 12&#215;12"},"content":{"rendered":"<p>Zelo moderen mozaik v dominanti be\u017e barvi popestri prav vsak prostor. Prihaja iz \u0160panije, ki po svetu slovi kot ena bolj\u0161ih proizvajalk kerami\u010dnih plo\u0161\u010dic. Velikost mre\u017ee z mozaikom je 30,3&#215;30,3 cm, kar omogo\u010da enostavno polaganje. Debelina kar 4 mm dela ta mozaik zelo trpe\u017een in presti\u017een na otip. V redni prodaji bi morali za ta mozaik od\u0161teti 203,12 EUR, spletna cena pa zna\u0161a le 162,5 EUR.<\/p>\n<p>Kliknite na ime kolekcije za ogled vseh plo\u0161\u010dic iz te serije: <a class=\"pdfcatal\" href=\"\/\/www.ceramictiles.com\/pdf\/vidrepur\/catalogue_vidrepur_colors.pdf\" onclick=\"recordOutboundLink(this, 'E-mail', 'Description PDF');return false;\">Vidrepur Colors<\/a><\/p>\n<p>\u010ce \u017eelite naro\u010diti model iz pdf kataloga te kolekcije, nam pi\u0161ite na: <a href=\"mailto:keramoteka.salon@gmail.com\" onclick=\"recordOutboundLink(this, 'E-mail', 'Description mail');return false;\">keramoteka.salon@gmail.com<\/a> ali pa nas pokli\u010dite na: +386 31 255 900.<\/p>\n<p>Technical description: <\/p>\n<p>Min. 1 box &#8211; Delivery 30 Euro\/box in EU<\/p>\n","protected":false},"excerpt":{"rendered":"<p>Zelo moderen mozaik v dominanti be\u017e barvi popestri prav vsak prostor. Prihaja iz \u0160panije, ki po svetu slovi kot ena bolj\u0161ih proizvajalk kerami\u010dnih plo\u0161\u010dic. Velikost mre\u017ee z mozaikom je 30,3&#215;30,3 cm, kar omogo\u010da enostavno polaganje. Debelina kar 4 mm dela ta mozaik zelo trpe\u017een in presti\u017een na otip. V redni prodaji bi morali za ta [&hellip;]<\/p>\n","protected":false},"featured_media":99853,"template":"","meta":[],"product_cat":[400,999,410,9991712],"product_tag":[],"_links":{"self":[{"href":"https:\/\/www.keramika.com\/slovenija\/wp-json\/wp\/v2\/product\/99852"}],"collection":[{"href":"https:\/\/www.keramika.com\/slovenija\/wp-json\/wp\/v2\/product"}],"about":[{"href":"https:\/\/www.keramika.com\/slovenija\/wp-json\/wp\/v2\/types\/product"}],"wp:featuredmedia":[{"embeddable":true,"href":"https:\/\/www.keramika.com\/slovenija\/wp-json\/wp\/v2\/media\/99853"}],"wp:attachment":[{"href":"https:\/\/www.keramika.com\/slovenija\/wp-json\/wp\/v2\/media?parent=99852"}],"wp:term":[{"taxonomy":"product_cat","embeddable":true,"href":"https:\/\/www.keramika.com\/slovenija\/wp-json\/wp\/v2\/product_cat?post=99852"},{"taxonomy":"product_tag","embeddable":true,"href":"https:\/\/www.keramika.com\/slovenija\/wp-json\/wp\/v2\/product_tag?post=99852"}],"curies":[{"name":"wp","href":"https:\/\/api.w.org\/{rel}","templated":true}]}}