{"id":99834,"date":"2017-03-22T22:27:07","date_gmt":"2017-03-22T22:27:07","guid":{"rendered":"http:\/\/keramika.holest.com\/slovenija\/product\/vidrepur-mozaik-mezcla-100102-25x25\/"},"modified":"2025-12-31T00:03:43","modified_gmt":"2025-12-31T00:03:43","slug":"vidrepur-mozaik-mezcla-100102-25x25","status":"publish","type":"product","link":"https:\/\/www.keramika.com\/slovenija\/vidrepur-mozaik-mezcla-100102-25x25\/","title":{"rendered":"Vidrepur mozaik Mezcla 100\/102 25&#215;25"},"content":{"rendered":"<p>Pri izbiri mozaika v glavni beli barvi ne morete zgre\u0161iti. Dimenzije mre\u017ee na katero je pripet ta mozaik so 31,5&#215;31,5 cm. Mre\u017ea omogo\u010da enostavnej\u0161e polaganje. Na spletu boste za ta mozaik od\u0161teli le 24,18 EUR, medtem ko v redni prodaji cena zna\u0161a 30,22 EUR. Vidrepur mosaico Mezcla 100\/102 25&#215;25 je plo\u0161\u010dica proizvajalca Vidrepur in prihaja iz \u0160panije. Ta mozaik je debel 4 mm in je zelo trpe\u017een.<\/p>\n<p>Kliknite na ime kolekcije za ogled vseh plo\u0161\u010dic iz te serije: <a class=\"pdfcatal\" href=\"\/\/www.ceramictiles.com\/pdf\/vidrepur\/catalogue_vidrepur_mezclas_mixed.pdf\" onclick=\"recordOutboundLink(this, 'E-mail', 'Description PDF');return false;\">Vidrepur Mezclas<\/a><\/p>\n<p>\u010ce \u017eelite naro\u010diti model iz pdf kataloga te kolekcije, nam pi\u0161ite na: <a href=\"mailto:keramoteka.salon@gmail.com\" onclick=\"recordOutboundLink(this, 'E-mail', 'Description mail');return false;\">keramoteka.salon@gmail.com<\/a> ali pa nas pokli\u010dite na: +386 31 255 900.<\/p>\n<p>Technical description: <\/p>\n<p>Min. 1 box &#8211; Delivery 30 Euro\/box in EU<\/p>\n","protected":false},"excerpt":{"rendered":"<p>Pri izbiri mozaika v glavni beli barvi ne morete zgre\u0161iti. Dimenzije mre\u017ee na katero je pripet ta mozaik so 31,5&#215;31,5 cm. Mre\u017ea omogo\u010da enostavnej\u0161e polaganje. Na spletu boste za ta mozaik od\u0161teli le 24,18 EUR, medtem ko v redni prodaji cena zna\u0161a 30,22 EUR. Vidrepur mosaico Mezcla 100\/102 25&#215;25 je plo\u0161\u010dica proizvajalca Vidrepur in prihaja [&hellip;]<\/p>\n","protected":false},"featured_media":99835,"template":"","meta":[],"product_cat":[400,999,410,9991712],"product_tag":[],"_links":{"self":[{"href":"https:\/\/www.keramika.com\/slovenija\/wp-json\/wp\/v2\/product\/99834"}],"collection":[{"href":"https:\/\/www.keramika.com\/slovenija\/wp-json\/wp\/v2\/product"}],"about":[{"href":"https:\/\/www.keramika.com\/slovenija\/wp-json\/wp\/v2\/types\/product"}],"wp:featuredmedia":[{"embeddable":true,"href":"https:\/\/www.keramika.com\/slovenija\/wp-json\/wp\/v2\/media\/99835"}],"wp:attachment":[{"href":"https:\/\/www.keramika.com\/slovenija\/wp-json\/wp\/v2\/media?parent=99834"}],"wp:term":[{"taxonomy":"product_cat","embeddable":true,"href":"https:\/\/www.keramika.com\/slovenija\/wp-json\/wp\/v2\/product_cat?post=99834"},{"taxonomy":"product_tag","embeddable":true,"href":"https:\/\/www.keramika.com\/slovenija\/wp-json\/wp\/v2\/product_tag?post=99834"}],"curies":[{"name":"wp","href":"https:\/\/api.w.org\/{rel}","templated":true}]}}