{"id":99800,"date":"2017-03-22T22:26:24","date_gmt":"2017-03-22T22:26:24","guid":{"rendered":"http:\/\/keramika.holest.com\/slovenija\/product\/vidrepur-mozaik-niebla-beige-25x25\/"},"modified":"2025-12-31T00:03:40","modified_gmt":"2025-12-31T00:03:40","slug":"vidrepur-mozaik-niebla-beige-25x25","status":"publish","type":"product","link":"https:\/\/www.keramika.com\/slovenija\/vidrepur-mozaik-niebla-beige-25x25\/","title":{"rendered":"Vidrepur mozaik Niebla Beige 25&#215;25"},"content":{"rendered":"<p>\u0160irina in dol\u017eina mre\u017ee na katero je pripet ta mozaik sta 31,5&#215;31,5 cm. Mre\u017eo lahko enostavno polo\u017eite na razli\u010dne povr\u0161ine. Ta mozaik plo\u0161\u010dica v \u010dudoviti beli barvi bo obogatila vsak prostor. Zaradi ni\u017ejih stro\u0161kov pri spletni prodaji boste na na\u0161i strani za ta mozaik od\u0161teli le 24,18 EUR. Ta mozaik plo\u0161\u010dica prihaja iz \u0160panije, ki je znana po kvalitetni keramiki. Ta mozaik je debel 4 mm in je zelo trpe\u017een.<\/p>\n<p>Kliknite na ime kolekcije za ogled vseh plo\u0161\u010dic iz te serije: <a class=\"pdfcatal\" href=\"\/\/www.ceramictiles.com\/pdf\/vidrepur\/catalogue_vidrepur_colors.pdf\" onclick=\"recordOutboundLink(this, 'E-mail', 'Description PDF');return false;\">Vidrepur Colors<\/a><\/p>\n<p>\u010ce \u017eelite naro\u010diti model iz pdf kataloga te kolekcije, nam pi\u0161ite na: <a href=\"mailto:keramoteka.salon@gmail.com\" onclick=\"recordOutboundLink(this, 'E-mail', 'Description mail');return false;\">keramoteka.salon@gmail.com<\/a> ali pa nas pokli\u010dite na: +386 31 255 900.<\/p>\n<p>Technical description: <\/p>\n<p>Min. 1 box &#8211; Delivery 30 Euro\/box in EU<\/p>\n","protected":false},"excerpt":{"rendered":"<p>\u0160irina in dol\u017eina mre\u017ee na katero je pripet ta mozaik sta 31,5&#215;31,5 cm. Mre\u017eo lahko enostavno polo\u017eite na razli\u010dne povr\u0161ine. Ta mozaik plo\u0161\u010dica v \u010dudoviti beli barvi bo obogatila vsak prostor. Zaradi ni\u017ejih stro\u0161kov pri spletni prodaji boste na na\u0161i strani za ta mozaik od\u0161teli le 24,18 EUR. Ta mozaik plo\u0161\u010dica prihaja iz \u0160panije, ki [&hellip;]<\/p>\n","protected":false},"featured_media":99801,"template":"","meta":[],"product_cat":[400,999,410,9991712],"product_tag":[],"_links":{"self":[{"href":"https:\/\/www.keramika.com\/slovenija\/wp-json\/wp\/v2\/product\/99800"}],"collection":[{"href":"https:\/\/www.keramika.com\/slovenija\/wp-json\/wp\/v2\/product"}],"about":[{"href":"https:\/\/www.keramika.com\/slovenija\/wp-json\/wp\/v2\/types\/product"}],"wp:featuredmedia":[{"embeddable":true,"href":"https:\/\/www.keramika.com\/slovenija\/wp-json\/wp\/v2\/media\/99801"}],"wp:attachment":[{"href":"https:\/\/www.keramika.com\/slovenija\/wp-json\/wp\/v2\/media?parent=99800"}],"wp:term":[{"taxonomy":"product_cat","embeddable":true,"href":"https:\/\/www.keramika.com\/slovenija\/wp-json\/wp\/v2\/product_cat?post=99800"},{"taxonomy":"product_tag","embeddable":true,"href":"https:\/\/www.keramika.com\/slovenija\/wp-json\/wp\/v2\/product_tag?post=99800"}],"curies":[{"name":"wp","href":"https:\/\/api.w.org\/{rel}","templated":true}]}}