{"id":99746,"date":"2017-03-22T22:25:40","date_gmt":"2017-03-22T22:25:40","guid":{"rendered":"http:\/\/keramika.holest.com\/slovenija\/product\/vidrepur-mozaik-cobre-12x25\/"},"modified":"2025-12-31T00:03:36","modified_gmt":"2025-12-31T00:03:36","slug":"vidrepur-mozaik-cobre-12x25","status":"publish","type":"product","link":"https:\/\/www.keramika.com\/slovenija\/vidrepur-mozaik-cobre-12x25\/","title":{"rendered":"Vidrepur mozaik Cobre 12&#215;25"},"content":{"rendered":"<p>Vidrepur mosaico Cobre 12&#215;25 je plo\u0161\u010dica proizvajalca Vidrepur in prihaja iz \u0160panije. Z velikostjo mre\u017ee 31,5&#215;31,5 cm na katero je pripet, je ta mozaik primeren ze razli\u010dne povr\u0161ine. Mozaik je debel kar 4 mm, kar ga uvr\u0161\u010da med bolj trde mozaik plo\u0161\u010dice. Ta mozaik plo\u0161\u010dica v \u010dudoviti rjavi barvi bo obogatila vsak prostor. V redni prodaji bi morali za ta mozaik od\u0161teti 309,38 EUR, spletna cena pa zna\u0161a le 247,5 EUR.<\/p>\n<p>Kliknite na ime kolekcije za ogled vseh plo\u0161\u010dic iz te serije: <a class=\"pdfcatal\" href=\"\/\/www.ceramictiles.com\/pdf\/vidrepur\/catalogue_vidrepur_deco.pdf\" onclick=\"recordOutboundLink(this, 'E-mail', 'Description PDF');return false;\">Vidrepur Deco<\/a><\/p>\n<p>\u010ce \u017eelite naro\u010diti model iz pdf kataloga te kolekcije, nam pi\u0161ite na: <a href=\"mailto:keramoteka.salon@gmail.com\" onclick=\"recordOutboundLink(this, 'E-mail', 'Description mail');return false;\">keramoteka.salon@gmail.com<\/a> ali pa nas pokli\u010dite na: +386 31 255 900.<\/p>\n<p>Technical description: <\/p>\n<p>Min. 1 box &#8211; Delivery 30 Euro\/box in EU<\/p>\n","protected":false},"excerpt":{"rendered":"<p>Vidrepur mosaico Cobre 12&#215;25 je plo\u0161\u010dica proizvajalca Vidrepur in prihaja iz \u0160panije. Z velikostjo mre\u017ee 31,5&#215;31,5 cm na katero je pripet, je ta mozaik primeren ze razli\u010dne povr\u0161ine. Mozaik je debel kar 4 mm, kar ga uvr\u0161\u010da med bolj trde mozaik plo\u0161\u010dice. Ta mozaik plo\u0161\u010dica v \u010dudoviti rjavi barvi bo obogatila vsak prostor. V redni [&hellip;]<\/p>\n","protected":false},"featured_media":99747,"template":"","meta":[],"product_cat":[400,999,410,9991712],"product_tag":[],"_links":{"self":[{"href":"https:\/\/www.keramika.com\/slovenija\/wp-json\/wp\/v2\/product\/99746"}],"collection":[{"href":"https:\/\/www.keramika.com\/slovenija\/wp-json\/wp\/v2\/product"}],"about":[{"href":"https:\/\/www.keramika.com\/slovenija\/wp-json\/wp\/v2\/types\/product"}],"wp:featuredmedia":[{"embeddable":true,"href":"https:\/\/www.keramika.com\/slovenija\/wp-json\/wp\/v2\/media\/99747"}],"wp:attachment":[{"href":"https:\/\/www.keramika.com\/slovenija\/wp-json\/wp\/v2\/media?parent=99746"}],"wp:term":[{"taxonomy":"product_cat","embeddable":true,"href":"https:\/\/www.keramika.com\/slovenija\/wp-json\/wp\/v2\/product_cat?post=99746"},{"taxonomy":"product_tag","embeddable":true,"href":"https:\/\/www.keramika.com\/slovenija\/wp-json\/wp\/v2\/product_tag?post=99746"}],"curies":[{"name":"wp","href":"https:\/\/api.w.org\/{rel}","templated":true}]}}