{"id":99712,"date":"2017-03-22T22:24:56","date_gmt":"2017-03-22T22:24:56","guid":{"rendered":"http:\/\/keramika.holest.com\/slovenija\/product\/mezclas-deco-cariberef-80-25-16-15-25x25\/"},"modified":"2025-12-31T00:03:33","modified_gmt":"2025-12-31T00:03:33","slug":"mezclas-deco-cariberef-80-25-16-15-25x25","status":"publish","type":"product","link":"https:\/\/www.keramika.com\/slovenija\/mezclas-deco-cariberef-80-25-16-15-25x25\/","title":{"rendered":"Mezclas Deco Caribe(ref.80-25-16-15) 25&#215;25"},"content":{"rendered":"<p>Mezclas Deco Caribe(ref.80-25-16-15) 25&#215;25 je pripeljana iz \u0160panije in je zelo kvalitetna. 4 mm je debelina, ki zadovolji tudi zahtevnej\u0161e kupce. Mozaik na sliki je pripet na mre\u017eo, kar olaj\u0161a njegovo polaganje. Mre\u017ea je velika 31,5&#215;31,5 cm. Mezclas Deco Caribe(ref.80-25-16-15) 25&#215;25 je na voljo po zelo ugodni ceni 57,5 EUR. Ta mozaik plo\u0161\u010dica v \u010dudoviti zeleni barvi bo obogatila vsak prostor.<\/p>\n<p>Kliknite na ime kolekcije za ogled vseh plo\u0161\u010dic iz te serije: <a class=\"pdfcatal\" href=\"\/\/www.ceramictiles.com\/pdf\/vidrepur\/catalogue_vidrepur_deco.pdf\" onclick=\"recordOutboundLink(this, 'E-mail', 'Description PDF');return false;\">Vidrepur Deco<\/a><\/p>\n<p>\u010ce \u017eelite naro\u010diti model iz pdf kataloga te kolekcije, nam pi\u0161ite na: <a href=\"mailto:keramoteka.salon@gmail.com\" onclick=\"recordOutboundLink(this, 'E-mail', 'Description mail');return false;\">keramoteka.salon@gmail.com<\/a> ali pa nas pokli\u010dite na: +386 31 255 900.<\/p>\n<p>Technical description: <\/p>\n<p>Min. 1 box &#8211; Delivery 30 Euro\/box in EU<\/p>\n","protected":false},"excerpt":{"rendered":"<p>Mezclas Deco Caribe(ref.80-25-16-15) 25&#215;25 je pripeljana iz \u0160panije in je zelo kvalitetna. 4 mm je debelina, ki zadovolji tudi zahtevnej\u0161e kupce. Mozaik na sliki je pripet na mre\u017eo, kar olaj\u0161a njegovo polaganje. Mre\u017ea je velika 31,5&#215;31,5 cm. Mezclas Deco Caribe(ref.80-25-16-15) 25&#215;25 je na voljo po zelo ugodni ceni 57,5 EUR. Ta mozaik plo\u0161\u010dica v \u010dudoviti [&hellip;]<\/p>\n","protected":false},"featured_media":99713,"template":"","meta":[],"product_cat":[400,999,410,9991712],"product_tag":[],"_links":{"self":[{"href":"https:\/\/www.keramika.com\/slovenija\/wp-json\/wp\/v2\/product\/99712"}],"collection":[{"href":"https:\/\/www.keramika.com\/slovenija\/wp-json\/wp\/v2\/product"}],"about":[{"href":"https:\/\/www.keramika.com\/slovenija\/wp-json\/wp\/v2\/types\/product"}],"wp:featuredmedia":[{"embeddable":true,"href":"https:\/\/www.keramika.com\/slovenija\/wp-json\/wp\/v2\/media\/99713"}],"wp:attachment":[{"href":"https:\/\/www.keramika.com\/slovenija\/wp-json\/wp\/v2\/media?parent=99712"}],"wp:term":[{"taxonomy":"product_cat","embeddable":true,"href":"https:\/\/www.keramika.com\/slovenija\/wp-json\/wp\/v2\/product_cat?post=99712"},{"taxonomy":"product_tag","embeddable":true,"href":"https:\/\/www.keramika.com\/slovenija\/wp-json\/wp\/v2\/product_tag?post=99712"}],"curies":[{"name":"wp","href":"https:\/\/api.w.org\/{rel}","templated":true}]}}