{"id":99646,"date":"2017-03-22T22:23:42","date_gmt":"2017-03-22T22:23:42","guid":{"rendered":"http:\/\/keramika.holest.com\/slovenija\/product\/vidrepur-mozaik-cortina-2-25x25\/"},"modified":"2025-12-31T00:03:27","modified_gmt":"2025-12-31T00:03:27","slug":"vidrepur-mozaik-cortina-2-25x25","status":"publish","type":"product","link":"https:\/\/www.keramika.com\/slovenija\/vidrepur-mozaik-cortina-2-25x25\/","title":{"rendered":"Vidrepur mozaik Cortina 2 25&#215;25"},"content":{"rendered":"<p>Vidrepur mosaico Cortina 2 25&#215;25 je na voljo po zelo ugodni ceni 68 EUR. Mozaik dobite pripet na mre\u017eo, kar olaj\u0161a njegovo polaganje. Velikost mre\u017ee je 31,5&#215;31,5 cm in je primerna za razli\u010dne povr\u0161ine. Ta mozaik plo\u0161\u010dica v \u010dudoviti \u010drni barvi bo obogatila vsak prostor. Debelina kar 4 mm dela ta mozaik zelo trpe\u017een in presti\u017een na otip. Vidrepur mosaico Cortina 2 25&#215;25 je plo\u0161\u010dica proizvajalca Vidrepur in prihaja iz \u0160panije.<\/p>\n<p>Kliknite na ime kolekcije za ogled vseh plo\u0161\u010dic iz te serije: <a class=\"pdfcatal\" href=\"\/\/www.ceramictiles.com\/pdf\/vidrepur\/catalogue_vidrepur_geometrias.pdf\" onclick=\"recordOutboundLink(this, 'E-mail', 'Description PDF');return false;\">Vidrepur Geometrias<\/a><\/p>\n<p>\u010ce \u017eelite naro\u010diti model iz pdf kataloga te kolekcije, nam pi\u0161ite na: <a href=\"mailto:keramoteka.salon@gmail.com\" onclick=\"recordOutboundLink(this, 'E-mail', 'Description mail');return false;\">keramoteka.salon@gmail.com<\/a> ali pa nas pokli\u010dite na: +386 31 255 900.<\/p>\n<p>Technical description: <\/p>\n<p>Min. 1 box &#8211; Delivery 30 Euro\/box in EU<\/p>\n","protected":false},"excerpt":{"rendered":"<p>Vidrepur mosaico Cortina 2 25&#215;25 je na voljo po zelo ugodni ceni 68 EUR. Mozaik dobite pripet na mre\u017eo, kar olaj\u0161a njegovo polaganje. Velikost mre\u017ee je 31,5&#215;31,5 cm in je primerna za razli\u010dne povr\u0161ine. Ta mozaik plo\u0161\u010dica v \u010dudoviti \u010drni barvi bo obogatila vsak prostor. Debelina kar 4 mm dela ta mozaik zelo trpe\u017een in [&hellip;]<\/p>\n","protected":false},"featured_media":99647,"template":"","meta":[],"product_cat":[400,999,410,9991712],"product_tag":[],"_links":{"self":[{"href":"https:\/\/www.keramika.com\/slovenija\/wp-json\/wp\/v2\/product\/99646"}],"collection":[{"href":"https:\/\/www.keramika.com\/slovenija\/wp-json\/wp\/v2\/product"}],"about":[{"href":"https:\/\/www.keramika.com\/slovenija\/wp-json\/wp\/v2\/types\/product"}],"wp:featuredmedia":[{"embeddable":true,"href":"https:\/\/www.keramika.com\/slovenija\/wp-json\/wp\/v2\/media\/99647"}],"wp:attachment":[{"href":"https:\/\/www.keramika.com\/slovenija\/wp-json\/wp\/v2\/media?parent=99646"}],"wp:term":[{"taxonomy":"product_cat","embeddable":true,"href":"https:\/\/www.keramika.com\/slovenija\/wp-json\/wp\/v2\/product_cat?post=99646"},{"taxonomy":"product_tag","embeddable":true,"href":"https:\/\/www.keramika.com\/slovenija\/wp-json\/wp\/v2\/product_tag?post=99646"}],"curies":[{"name":"wp","href":"https:\/\/api.w.org\/{rel}","templated":true}]}}