{"id":99560,"date":"2017-03-22T22:22:12","date_gmt":"2017-03-22T22:22:12","guid":{"rendered":"http:\/\/keramika.holest.com\/slovenija\/product\/vidrepur-mozaik-persia-25x50\/"},"modified":"2025-12-31T00:03:20","modified_gmt":"2025-12-31T00:03:20","slug":"vidrepur-mozaik-persia-25x50","status":"publish","type":"product","link":"https:\/\/www.keramika.com\/slovenija\/vidrepur-mozaik-persia-25x50\/","title":{"rendered":"Vidrepur mozaik Persia 25&#215;50"},"content":{"rendered":"<p>Vidrepur mosaico Persia 25&#215;50 je pripeljana iz \u0160panije in je zelo kvalitetna. Redna cena tega mozaika v maloprodaji zna\u0161a 156,25 EUR, v na\u0161i spletni trgovini pa ga lahko dobite \u017ee za 125 EUR. Ta mozaik je debel 4 mm in je zelo trpe\u017een. Mozaik na sliki je pripet na mre\u017eo, kar olaj\u0161a njegovo polaganje. Mre\u017ea je velika 31,5&#215;31,5 cm. Ta mozaik je na voljo v \u010dudoviti rde\u010di prevladujo\u010di barvi, \u010de \u017eelite kak\u0161no drugo barvo pa nas kontaktirajte in preverili bomo pri proizvajalcu.<\/p>\n<p>Kliknite na ime kolekcije za ogled vseh plo\u0161\u010dic iz te serije: <a class=\"pdfcatal\" href=\"\/\/www.ceramictiles.com\/pdf\/vidrepur\/catalogue_vidrepur_titanium.pdf\" onclick=\"recordOutboundLink(this, 'E-mail', 'Description PDF');return false;\">Vidrepur Titanium<\/a><\/p>\n<p>\u010ce \u017eelite naro\u010diti model iz pdf kataloga te kolekcije, nam pi\u0161ite na: <a href=\"mailto:keramoteka.salon@gmail.com\" onclick=\"recordOutboundLink(this, 'E-mail', 'Description mail');return false;\">keramoteka.salon@gmail.com<\/a> ali pa nas pokli\u010dite na: +386 31 255 900.<\/p>\n<p>Technical description: <\/p>\n<p>Min. 1 box &#8211; Delivery 30 Euro\/box in EU<\/p>\n","protected":false},"excerpt":{"rendered":"<p>Vidrepur mosaico Persia 25&#215;50 je pripeljana iz \u0160panije in je zelo kvalitetna. Redna cena tega mozaika v maloprodaji zna\u0161a 156,25 EUR, v na\u0161i spletni trgovini pa ga lahko dobite \u017ee za 125 EUR. Ta mozaik je debel 4 mm in je zelo trpe\u017een. Mozaik na sliki je pripet na mre\u017eo, kar olaj\u0161a njegovo polaganje. Mre\u017ea [&hellip;]<\/p>\n","protected":false},"featured_media":99561,"template":"","meta":[],"product_cat":[400,999,410,9991712],"product_tag":[],"_links":{"self":[{"href":"https:\/\/www.keramika.com\/slovenija\/wp-json\/wp\/v2\/product\/99560"}],"collection":[{"href":"https:\/\/www.keramika.com\/slovenija\/wp-json\/wp\/v2\/product"}],"about":[{"href":"https:\/\/www.keramika.com\/slovenija\/wp-json\/wp\/v2\/types\/product"}],"wp:featuredmedia":[{"embeddable":true,"href":"https:\/\/www.keramika.com\/slovenija\/wp-json\/wp\/v2\/media\/99561"}],"wp:attachment":[{"href":"https:\/\/www.keramika.com\/slovenija\/wp-json\/wp\/v2\/media?parent=99560"}],"wp:term":[{"taxonomy":"product_cat","embeddable":true,"href":"https:\/\/www.keramika.com\/slovenija\/wp-json\/wp\/v2\/product_cat?post=99560"},{"taxonomy":"product_tag","embeddable":true,"href":"https:\/\/www.keramika.com\/slovenija\/wp-json\/wp\/v2\/product_tag?post=99560"}],"curies":[{"name":"wp","href":"https:\/\/api.w.org\/{rel}","templated":true}]}}