{"id":99554,"date":"2017-03-22T22:22:04","date_gmt":"2017-03-22T22:22:04","guid":{"rendered":"http:\/\/keramika.holest.com\/slovenija\/product\/vidrepur-mozaik-pincel-negro-12x25\/"},"modified":"2025-12-31T00:03:20","modified_gmt":"2025-12-31T00:03:20","slug":"vidrepur-mozaik-pincel-negro-12x25","status":"publish","type":"product","link":"https:\/\/www.keramika.com\/slovenija\/vidrepur-mozaik-pincel-negro-12x25\/","title":{"rendered":"Vidrepur mozaik Pincel Negro 12&#215;25"},"content":{"rendered":"<p>Na spletu boste za ta mozaik od\u0161teli le 264 EUR, medtem ko v redni prodaji cena zna\u0161a 330 EUR. Dimenzije mre\u017ee na katero je pripet ta mozaik so 31,5&#215;31,5 cm. Mre\u017ea omogo\u010da enostavnej\u0161e polaganje. Ta mozaik je na voljo v \u010dudoviti \u010drni prevladujo\u010di barvi, \u010de \u017eelite kak\u0161no drugo barvo pa nas kontaktirajte in preverili bomo pri proizvajalcu. Vidrepur mosaico Pincel Negro 12&#215;25 prihaja iz \u0160panije, ki je znana po zelo kvalitetni keramiki v svetovnem merilu. 4 mm debeline je dovolj tudi za zahtevnej\u0161e kupce.<\/p>\n<p>Kliknite na ime kolekcije za ogled vseh plo\u0161\u010dic iz te serije: <a class=\"pdfcatal\" href=\"\/\/www.ceramictiles.com\/pdf\/vidrepur\/catalogue_vidrepur_titanium.pdf\" onclick=\"recordOutboundLink(this, 'E-mail', 'Description PDF');return false;\">Vidrepur Titanium<\/a><\/p>\n<p>\u010ce \u017eelite naro\u010diti model iz pdf kataloga te kolekcije, nam pi\u0161ite na: <a href=\"mailto:keramoteka.salon@gmail.com\" onclick=\"recordOutboundLink(this, 'E-mail', 'Description mail');return false;\">keramoteka.salon@gmail.com<\/a> ali pa nas pokli\u010dite na: +386 31 255 900.<\/p>\n<p>Technical description: <\/p>\n<p>Min. 1 box &#8211; Delivery 30 Euro\/box in EU<\/p>\n","protected":false},"excerpt":{"rendered":"<p>Na spletu boste za ta mozaik od\u0161teli le 264 EUR, medtem ko v redni prodaji cena zna\u0161a 330 EUR. Dimenzije mre\u017ee na katero je pripet ta mozaik so 31,5&#215;31,5 cm. Mre\u017ea omogo\u010da enostavnej\u0161e polaganje. Ta mozaik je na voljo v \u010dudoviti \u010drni prevladujo\u010di barvi, \u010de \u017eelite kak\u0161no drugo barvo pa nas kontaktirajte in preverili bomo [&hellip;]<\/p>\n","protected":false},"featured_media":99555,"template":"","meta":[],"product_cat":[400,999,410,9991712],"product_tag":[],"_links":{"self":[{"href":"https:\/\/www.keramika.com\/slovenija\/wp-json\/wp\/v2\/product\/99554"}],"collection":[{"href":"https:\/\/www.keramika.com\/slovenija\/wp-json\/wp\/v2\/product"}],"about":[{"href":"https:\/\/www.keramika.com\/slovenija\/wp-json\/wp\/v2\/types\/product"}],"wp:featuredmedia":[{"embeddable":true,"href":"https:\/\/www.keramika.com\/slovenija\/wp-json\/wp\/v2\/media\/99555"}],"wp:attachment":[{"href":"https:\/\/www.keramika.com\/slovenija\/wp-json\/wp\/v2\/media?parent=99554"}],"wp:term":[{"taxonomy":"product_cat","embeddable":true,"href":"https:\/\/www.keramika.com\/slovenija\/wp-json\/wp\/v2\/product_cat?post=99554"},{"taxonomy":"product_tag","embeddable":true,"href":"https:\/\/www.keramika.com\/slovenija\/wp-json\/wp\/v2\/product_tag?post=99554"}],"curies":[{"name":"wp","href":"https:\/\/api.w.org\/{rel}","templated":true}]}}