{"id":99548,"date":"2017-03-22T22:21:57","date_gmt":"2017-03-22T22:21:57","guid":{"rendered":"http:\/\/keramika.holest.com\/slovenija\/product\/vidrepur-mozaik-pincel-azul-cobalto-12x25\/"},"modified":"2025-12-31T00:03:19","modified_gmt":"2025-12-31T00:03:19","slug":"vidrepur-mozaik-pincel-azul-cobalto-12x25","status":"publish","type":"product","link":"https:\/\/www.keramika.com\/slovenija\/vidrepur-mozaik-pincel-azul-cobalto-12x25\/","title":{"rendered":"Vidrepur mozaik Pincel Azul Cobalto 12&#215;25"},"content":{"rendered":"<p>Pri izbiri mozaika v glavni modri barvi ne morete zgre\u0161iti. Vidrepur mosaico Pincel Azul Cobalto 12&#215;25 prihaja iz \u0160panije, ki je znana po zelo kvalitetni keramiki v svetovnem merilu. Mozaik je debel kar 4 mm, kar ga uvr\u0161\u010da med bolj trde mozaik plo\u0161\u010dice. Velikost mre\u017ee z mozaikom je 31,5&#215;31,5 cm, kar omogo\u010da enostavno polaganje. Na spletu boste za ta mozaik od\u0161teli le 217,8 EUR, medtem ko v redni prodaji cena zna\u0161a 272,25 EUR.<\/p>\n<p>Kliknite na ime kolekcije za ogled vseh plo\u0161\u010dic iz te serije: <a class=\"pdfcatal\" href=\"\/\/www.ceramictiles.com\/pdf\/vidrepur\/catalogue_vidrepur_titanium.pdf\" onclick=\"recordOutboundLink(this, 'E-mail', 'Description PDF');return false;\">Vidrepur Titanium<\/a><\/p>\n<p>\u010ce \u017eelite naro\u010diti model iz pdf kataloga te kolekcije, nam pi\u0161ite na: <a href=\"mailto:keramoteka.salon@gmail.com\" onclick=\"recordOutboundLink(this, 'E-mail', 'Description mail');return false;\">keramoteka.salon@gmail.com<\/a> ali pa nas pokli\u010dite na: +386 31 255 900.<\/p>\n<p>Technical description: <\/p>\n<p>Min. 1 box &#8211; Delivery 30 Euro\/box in EU<\/p>\n","protected":false},"excerpt":{"rendered":"<p>Pri izbiri mozaika v glavni modri barvi ne morete zgre\u0161iti. Vidrepur mosaico Pincel Azul Cobalto 12&#215;25 prihaja iz \u0160panije, ki je znana po zelo kvalitetni keramiki v svetovnem merilu. Mozaik je debel kar 4 mm, kar ga uvr\u0161\u010da med bolj trde mozaik plo\u0161\u010dice. Velikost mre\u017ee z mozaikom je 31,5&#215;31,5 cm, kar omogo\u010da enostavno polaganje. Na [&hellip;]<\/p>\n","protected":false},"featured_media":99549,"template":"","meta":[],"product_cat":[400,999,410,9991712],"product_tag":[],"_links":{"self":[{"href":"https:\/\/www.keramika.com\/slovenija\/wp-json\/wp\/v2\/product\/99548"}],"collection":[{"href":"https:\/\/www.keramika.com\/slovenija\/wp-json\/wp\/v2\/product"}],"about":[{"href":"https:\/\/www.keramika.com\/slovenija\/wp-json\/wp\/v2\/types\/product"}],"wp:featuredmedia":[{"embeddable":true,"href":"https:\/\/www.keramika.com\/slovenija\/wp-json\/wp\/v2\/media\/99549"}],"wp:attachment":[{"href":"https:\/\/www.keramika.com\/slovenija\/wp-json\/wp\/v2\/media?parent=99548"}],"wp:term":[{"taxonomy":"product_cat","embeddable":true,"href":"https:\/\/www.keramika.com\/slovenija\/wp-json\/wp\/v2\/product_cat?post=99548"},{"taxonomy":"product_tag","embeddable":true,"href":"https:\/\/www.keramika.com\/slovenija\/wp-json\/wp\/v2\/product_tag?post=99548"}],"curies":[{"name":"wp","href":"https:\/\/api.w.org\/{rel}","templated":true}]}}