{"id":99534,"date":"2017-03-22T22:21:41","date_gmt":"2017-03-22T22:21:41","guid":{"rendered":"http:\/\/keramika.holest.com\/slovenija\/product\/vidrepur-mozaik-pincel-ocre-12x25\/"},"modified":"2025-12-31T00:03:18","modified_gmt":"2025-12-31T00:03:18","slug":"vidrepur-mozaik-pincel-ocre-12x25","status":"publish","type":"product","link":"https:\/\/www.keramika.com\/slovenija\/vidrepur-mozaik-pincel-ocre-12x25\/","title":{"rendered":"Vidrepur mozaik Pincel Ocre 12&#215;25"},"content":{"rendered":"<p>Z 31,5&#215;31,5 cm je mre\u017ea na katero so pripete te mozaik plo\u0161\u010dice primerna za razli\u010dne podlage. Ta mozaik je izdelal proizvajalec Vidrepur, ki prihaja iz \u0160panije. Vidrepur mosaico Pincel Ocre 12&#215;25 je na voljo po zelo ugodni ceni 217,8 EUR. Debelina plo\u0161\u010dice je zelo pomembna in 4 mm uvr\u0161\u010da ta mozaik med najkvalitetnej\u0161e. Zelo moderen mozaik v dominanti be\u017e barvi popestri prav vsak prostor.<\/p>\n<p>Kliknite na ime kolekcije za ogled vseh plo\u0161\u010dic iz te serije: <a class=\"pdfcatal\" href=\"\/\/www.ceramictiles.com\/pdf\/vidrepur\/catalogue_vidrepur_titanium.pdf\" onclick=\"recordOutboundLink(this, 'E-mail', 'Description PDF');return false;\">Vidrepur Titanium<\/a><\/p>\n<p>\u010ce \u017eelite naro\u010diti model iz pdf kataloga te kolekcije, nam pi\u0161ite na: <a href=\"mailto:keramoteka.salon@gmail.com\" onclick=\"recordOutboundLink(this, 'E-mail', 'Description mail');return false;\">keramoteka.salon@gmail.com<\/a> ali pa nas pokli\u010dite na: +386 31 255 900.<\/p>\n<p>Technical description: <\/p>\n<p>Min. 1 box &#8211; Delivery 30 Euro\/box in EU<\/p>\n","protected":false},"excerpt":{"rendered":"<p>Z 31,5&#215;31,5 cm je mre\u017ea na katero so pripete te mozaik plo\u0161\u010dice primerna za razli\u010dne podlage. Ta mozaik je izdelal proizvajalec Vidrepur, ki prihaja iz \u0160panije. Vidrepur mosaico Pincel Ocre 12&#215;25 je na voljo po zelo ugodni ceni 217,8 EUR. Debelina plo\u0161\u010dice je zelo pomembna in 4 mm uvr\u0161\u010da ta mozaik med najkvalitetnej\u0161e. Zelo moderen [&hellip;]<\/p>\n","protected":false},"featured_media":99535,"template":"","meta":[],"product_cat":[400,999,410,9991712],"product_tag":[],"_links":{"self":[{"href":"https:\/\/www.keramika.com\/slovenija\/wp-json\/wp\/v2\/product\/99534"}],"collection":[{"href":"https:\/\/www.keramika.com\/slovenija\/wp-json\/wp\/v2\/product"}],"about":[{"href":"https:\/\/www.keramika.com\/slovenija\/wp-json\/wp\/v2\/types\/product"}],"wp:featuredmedia":[{"embeddable":true,"href":"https:\/\/www.keramika.com\/slovenija\/wp-json\/wp\/v2\/media\/99535"}],"wp:attachment":[{"href":"https:\/\/www.keramika.com\/slovenija\/wp-json\/wp\/v2\/media?parent=99534"}],"wp:term":[{"taxonomy":"product_cat","embeddable":true,"href":"https:\/\/www.keramika.com\/slovenija\/wp-json\/wp\/v2\/product_cat?post=99534"},{"taxonomy":"product_tag","embeddable":true,"href":"https:\/\/www.keramika.com\/slovenija\/wp-json\/wp\/v2\/product_tag?post=99534"}],"curies":[{"name":"wp","href":"https:\/\/api.w.org\/{rel}","templated":true}]}}