{"id":99502,"date":"2017-03-22T22:21:00","date_gmt":"2017-03-22T22:21:00","guid":{"rendered":"http:\/\/keramika.holest.com\/slovenija\/product\/vidrepur-mozaik-pincel-turquesa-12x12\/"},"modified":"2025-12-31T00:03:15","modified_gmt":"2025-12-31T00:03:15","slug":"vidrepur-mozaik-pincel-turquesa-12x12","status":"publish","type":"product","link":"https:\/\/www.keramika.com\/slovenija\/vidrepur-mozaik-pincel-turquesa-12x12\/","title":{"rendered":"Vidrepur mozaik Pincel Turquesa 12&#215;12"},"content":{"rendered":"<p>Pri izbiri mozaika v glavni modri barvi ne morete zgre\u0161iti. Vidrepur mosaico Pincel Turquesa 12&#215;12 je pripeljana iz \u0160panije in je zelo kvalitetna. Na spletu boste za ta mozaik od\u0161teli le 228,7 EUR, medtem ko v redni prodaji cena zna\u0161a 285,88 EUR. Ta mozaik je debel 4 mm in je zelo trpe\u017een. Z 30,3&#215;30,3 cm je mre\u017ea na katero so pripete te mozaik plo\u0161\u010dice primerna za razli\u010dne podlage.<\/p>\n<p>Kliknite na ime kolekcije za ogled vseh plo\u0161\u010dic iz te serije: <a class=\"pdfcatal\" href=\"\/\/www.ceramictiles.com\/pdf\/vidrepur\/catalogue_vidrepur_titanium.pdf\" onclick=\"recordOutboundLink(this, 'E-mail', 'Description PDF');return false;\">Vidrepur Titanium<\/a><\/p>\n<p>\u010ce \u017eelite naro\u010diti model iz pdf kataloga te kolekcije, nam pi\u0161ite na: <a href=\"mailto:keramoteka.salon@gmail.com\" onclick=\"recordOutboundLink(this, 'E-mail', 'Description mail');return false;\">keramoteka.salon@gmail.com<\/a> ali pa nas pokli\u010dite na: +386 31 255 900.<\/p>\n<p>Technical description: <\/p>\n<p>Min. 1 box &#8211; Delivery 30 Euro\/box in EU<\/p>\n","protected":false},"excerpt":{"rendered":"<p>Pri izbiri mozaika v glavni modri barvi ne morete zgre\u0161iti. Vidrepur mosaico Pincel Turquesa 12&#215;12 je pripeljana iz \u0160panije in je zelo kvalitetna. Na spletu boste za ta mozaik od\u0161teli le 228,7 EUR, medtem ko v redni prodaji cena zna\u0161a 285,88 EUR. Ta mozaik je debel 4 mm in je zelo trpe\u017een. Z 30,3&#215;30,3 cm [&hellip;]<\/p>\n","protected":false},"featured_media":99503,"template":"","meta":[],"product_cat":[400,999,410,9991712],"product_tag":[],"_links":{"self":[{"href":"https:\/\/www.keramika.com\/slovenija\/wp-json\/wp\/v2\/product\/99502"}],"collection":[{"href":"https:\/\/www.keramika.com\/slovenija\/wp-json\/wp\/v2\/product"}],"about":[{"href":"https:\/\/www.keramika.com\/slovenija\/wp-json\/wp\/v2\/types\/product"}],"wp:featuredmedia":[{"embeddable":true,"href":"https:\/\/www.keramika.com\/slovenija\/wp-json\/wp\/v2\/media\/99503"}],"wp:attachment":[{"href":"https:\/\/www.keramika.com\/slovenija\/wp-json\/wp\/v2\/media?parent=99502"}],"wp:term":[{"taxonomy":"product_cat","embeddable":true,"href":"https:\/\/www.keramika.com\/slovenija\/wp-json\/wp\/v2\/product_cat?post=99502"},{"taxonomy":"product_tag","embeddable":true,"href":"https:\/\/www.keramika.com\/slovenija\/wp-json\/wp\/v2\/product_tag?post=99502"}],"curies":[{"name":"wp","href":"https:\/\/api.w.org\/{rel}","templated":true}]}}