{"id":99450,"date":"2017-03-22T22:19:56","date_gmt":"2017-03-22T22:19:56","guid":{"rendered":"http:\/\/keramika.holest.com\/slovenija\/product\/vidrepur-mozaik-persia-25x25\/"},"modified":"2025-12-31T00:03:10","modified_gmt":"2025-12-31T00:03:10","slug":"vidrepur-mozaik-persia-25x25","status":"publish","type":"product","link":"https:\/\/www.keramika.com\/slovenija\/vidrepur-mozaik-persia-25x25\/","title":{"rendered":"Vidrepur mozaik Persia 25&#215;25"},"content":{"rendered":"<p>Vidrepur mosaico Persia 25&#215;25 je na voljo po zelo ugodni ceni 83,75 EUR. Ta mozaik plo\u0161\u010dica prihaja iz \u0160panije, ki je znana po kvalitetni keramiki. Ta mozaik je debel 4 mm in je zelo trpe\u017een. Ta model mozaik plo\u0161\u010dic se najbolje prodaja v rde\u010di barvi. Velikost mre\u017ee z mozaikom je 31,5&#215;31,5 cm, kar omogo\u010da enostavno polaganje.<\/p>\n<p>Kliknite na ime kolekcije za ogled vseh plo\u0161\u010dic iz te serije: <a class=\"pdfcatal\" href=\"\/\/www.ceramictiles.com\/pdf\/vidrepur\/catalogue_vidrepur_titanium.pdf\" onclick=\"recordOutboundLink(this, 'E-mail', 'Description PDF');return false;\">Vidrepur Titanium<\/a><\/p>\n<p>\u010ce \u017eelite naro\u010diti model iz pdf kataloga te kolekcije, nam pi\u0161ite na: <a href=\"mailto:keramoteka.salon@gmail.com\" onclick=\"recordOutboundLink(this, 'E-mail', 'Description mail');return false;\">keramoteka.salon@gmail.com<\/a> ali pa nas pokli\u010dite na: +386 31 255 900.<\/p>\n<p>Technical description: <\/p>\n<p>Min. 1 box &#8211; Delivery 30 Euro\/box in EU<\/p>\n","protected":false},"excerpt":{"rendered":"<p>Vidrepur mosaico Persia 25&#215;25 je na voljo po zelo ugodni ceni 83,75 EUR. Ta mozaik plo\u0161\u010dica prihaja iz \u0160panije, ki je znana po kvalitetni keramiki. Ta mozaik je debel 4 mm in je zelo trpe\u017een. Ta model mozaik plo\u0161\u010dic se najbolje prodaja v rde\u010di barvi. Velikost mre\u017ee z mozaikom je 31,5&#215;31,5 cm, kar omogo\u010da enostavno [&hellip;]<\/p>\n","protected":false},"featured_media":99451,"template":"","meta":[],"product_cat":[400,999,410,9991712],"product_tag":[],"_links":{"self":[{"href":"https:\/\/www.keramika.com\/slovenija\/wp-json\/wp\/v2\/product\/99450"}],"collection":[{"href":"https:\/\/www.keramika.com\/slovenija\/wp-json\/wp\/v2\/product"}],"about":[{"href":"https:\/\/www.keramika.com\/slovenija\/wp-json\/wp\/v2\/types\/product"}],"wp:featuredmedia":[{"embeddable":true,"href":"https:\/\/www.keramika.com\/slovenija\/wp-json\/wp\/v2\/media\/99451"}],"wp:attachment":[{"href":"https:\/\/www.keramika.com\/slovenija\/wp-json\/wp\/v2\/media?parent=99450"}],"wp:term":[{"taxonomy":"product_cat","embeddable":true,"href":"https:\/\/www.keramika.com\/slovenija\/wp-json\/wp\/v2\/product_cat?post=99450"},{"taxonomy":"product_tag","embeddable":true,"href":"https:\/\/www.keramika.com\/slovenija\/wp-json\/wp\/v2\/product_tag?post=99450"}],"curies":[{"name":"wp","href":"https:\/\/api.w.org\/{rel}","templated":true}]}}