{"id":99426,"date":"2017-03-22T22:19:28","date_gmt":"2017-03-22T22:19:28","guid":{"rendered":"http:\/\/keramika.holest.com\/slovenija\/product\/vidrepur-mozaik-blanco-agua-12x12\/"},"modified":"2025-12-31T00:03:07","modified_gmt":"2025-12-31T00:03:07","slug":"vidrepur-mozaik-blanco-agua-12x12","status":"publish","type":"product","link":"https:\/\/www.keramika.com\/slovenija\/vidrepur-mozaik-blanco-agua-12x12\/","title":{"rendered":"Vidrepur mozaik Blanco Agua 12&#215;12"},"content":{"rendered":"<p>Pri izbiri mozaika v glavni beli barvi ne morete zgre\u0161iti. 277,19 EUR v klasi\u010dni trgovini, pri nas pa le 221,75 EUR. Mozaik na sliki je pripet na mre\u017eo, kar olaj\u0161a njegovo polaganje. Mre\u017ea je velika 30,3&#215;30,3 cm. Vidrepur mosaico Blanco Agua 12&#215;12 je pripeljana iz \u0160panije in je zelo kvalitetna. Debelina kar 4 mm dela ta mozaik zelo trpe\u017een in presti\u017een na otip.<\/p>\n<p>Kliknite na ime kolekcije za ogled vseh plo\u0161\u010dic iz te serije: <a class=\"pdfcatal\" href=\"\/\/www.ceramictiles.com\/pdf\/vidrepur\/catalogue_vidrepur_arts.pdf\" onclick=\"recordOutboundLink(this, 'E-mail', 'Description PDF');return false;\">Vidrepur Arts<\/a><\/p>\n<p>\u010ce \u017eelite naro\u010diti model iz pdf kataloga te kolekcije, nam pi\u0161ite na: <a href=\"mailto:keramoteka.salon@gmail.com\" onclick=\"recordOutboundLink(this, 'E-mail', 'Description mail');return false;\">keramoteka.salon@gmail.com<\/a> ali pa nas pokli\u010dite na: +386 31 255 900.<\/p>\n<p>Technical description: <\/p>\n<p>Min. 1 box &#8211; Delivery 30 Euro\/box in EU<\/p>\n","protected":false},"excerpt":{"rendered":"<p>Pri izbiri mozaika v glavni beli barvi ne morete zgre\u0161iti. 277,19 EUR v klasi\u010dni trgovini, pri nas pa le 221,75 EUR. Mozaik na sliki je pripet na mre\u017eo, kar olaj\u0161a njegovo polaganje. Mre\u017ea je velika 30,3&#215;30,3 cm. Vidrepur mosaico Blanco Agua 12&#215;12 je pripeljana iz \u0160panije in je zelo kvalitetna. Debelina kar 4 mm dela [&hellip;]<\/p>\n","protected":false},"featured_media":99427,"template":"","meta":[],"product_cat":[400,999,410,9991712],"product_tag":[],"_links":{"self":[{"href":"https:\/\/www.keramika.com\/slovenija\/wp-json\/wp\/v2\/product\/99426"}],"collection":[{"href":"https:\/\/www.keramika.com\/slovenija\/wp-json\/wp\/v2\/product"}],"about":[{"href":"https:\/\/www.keramika.com\/slovenija\/wp-json\/wp\/v2\/types\/product"}],"wp:featuredmedia":[{"embeddable":true,"href":"https:\/\/www.keramika.com\/slovenija\/wp-json\/wp\/v2\/media\/99427"}],"wp:attachment":[{"href":"https:\/\/www.keramika.com\/slovenija\/wp-json\/wp\/v2\/media?parent=99426"}],"wp:term":[{"taxonomy":"product_cat","embeddable":true,"href":"https:\/\/www.keramika.com\/slovenija\/wp-json\/wp\/v2\/product_cat?post=99426"},{"taxonomy":"product_tag","embeddable":true,"href":"https:\/\/www.keramika.com\/slovenija\/wp-json\/wp\/v2\/product_tag?post=99426"}],"curies":[{"name":"wp","href":"https:\/\/api.w.org\/{rel}","templated":true}]}}