{"id":99376,"date":"2017-03-22T22:18:45","date_gmt":"2017-03-22T22:18:45","guid":{"rendered":"http:\/\/keramika.holest.com\/slovenija\/product\/vidrepur-mozaik-basic-beige-mate-25x25\/"},"modified":"2025-12-31T00:03:03","modified_gmt":"2025-12-31T00:03:03","slug":"vidrepur-mozaik-basic-beige-mate-25x25","status":"publish","type":"product","link":"https:\/\/www.keramika.com\/slovenija\/vidrepur-mozaik-basic-beige-mate-25x25\/","title":{"rendered":"Vidrepur mozaik Basic Beige Mate 25&#215;25"},"content":{"rendered":"<p>Na spletu boste za ta mozaik od\u0161teli le 50 EUR, medtem ko v redni prodaji cena zna\u0161a 62,5 EUR. Ta mozaik je izdelal proizvajalec Vidrepur, ki prihaja iz \u0160panije. Ta mozaik je na voljo v \u010dudoviti be\u017e prevladujo\u010di barvi, \u010de \u017eelite kak\u0161no drugo barvo pa nas kontaktirajte in preverili bomo pri proizvajalcu. Debelina kar 4 mm dela ta mozaik zelo trpe\u017een in presti\u017een na otip. Z velikostjo mre\u017ee 31,5&#215;31,5 cm na katero je pripet, je ta mozaik primeren ze razli\u010dne povr\u0161ine.<\/p>\n<p>Kliknite na ime kolekcije za ogled vseh plo\u0161\u010dic iz te serije: <a class=\"pdfcatal\" href=\"\/\/www.ceramictiles.com\/pdf\/vidrepur\/catalogue_vidrepur_mezclas_essentials.pdf\" onclick=\"recordOutboundLink(this, 'E-mail', 'Description PDF');return false;\">Vidrepur Mezclas Essentials<\/a><\/p>\n<p>\u010ce \u017eelite naro\u010diti model iz pdf kataloga te kolekcije, nam pi\u0161ite na: <a href=\"mailto:keramoteka.salon@gmail.com\" onclick=\"recordOutboundLink(this, 'E-mail', 'Description mail');return false;\">keramoteka.salon@gmail.com<\/a> ali pa nas pokli\u010dite na: +386 31 255 900.<\/p>\n<p>Technical description: <\/p>\n<p>Min. 1 box &#8211; Delivery 30 Euro\/box in EU<\/p>\n","protected":false},"excerpt":{"rendered":"<p>Na spletu boste za ta mozaik od\u0161teli le 50 EUR, medtem ko v redni prodaji cena zna\u0161a 62,5 EUR. Ta mozaik je izdelal proizvajalec Vidrepur, ki prihaja iz \u0160panije. Ta mozaik je na voljo v \u010dudoviti be\u017e prevladujo\u010di barvi, \u010de \u017eelite kak\u0161no drugo barvo pa nas kontaktirajte in preverili bomo pri proizvajalcu. Debelina kar 4 [&hellip;]<\/p>\n","protected":false},"featured_media":99377,"template":"","meta":[],"product_cat":[400,999,410,9991712],"product_tag":[],"_links":{"self":[{"href":"https:\/\/www.keramika.com\/slovenija\/wp-json\/wp\/v2\/product\/99376"}],"collection":[{"href":"https:\/\/www.keramika.com\/slovenija\/wp-json\/wp\/v2\/product"}],"about":[{"href":"https:\/\/www.keramika.com\/slovenija\/wp-json\/wp\/v2\/types\/product"}],"wp:featuredmedia":[{"embeddable":true,"href":"https:\/\/www.keramika.com\/slovenija\/wp-json\/wp\/v2\/media\/99377"}],"wp:attachment":[{"href":"https:\/\/www.keramika.com\/slovenija\/wp-json\/wp\/v2\/media?parent=99376"}],"wp:term":[{"taxonomy":"product_cat","embeddable":true,"href":"https:\/\/www.keramika.com\/slovenija\/wp-json\/wp\/v2\/product_cat?post=99376"},{"taxonomy":"product_tag","embeddable":true,"href":"https:\/\/www.keramika.com\/slovenija\/wp-json\/wp\/v2\/product_tag?post=99376"}],"curies":[{"name":"wp","href":"https:\/\/api.w.org\/{rel}","templated":true}]}}