{"id":99324,"date":"2017-03-22T22:17:53","date_gmt":"2017-03-22T22:17:53","guid":{"rendered":"http:\/\/keramika.holest.com\/slovenija\/product\/vidrepur-mozaik-pistacho-12x12\/"},"modified":"2025-12-31T00:02:57","modified_gmt":"2025-12-31T00:02:57","slug":"vidrepur-mozaik-pistacho-12x12","status":"publish","type":"product","link":"https:\/\/www.keramika.com\/slovenija\/vidrepur-mozaik-pistacho-12x12\/","title":{"rendered":"Vidrepur mozaik Pistacho 12&#215;12"},"content":{"rendered":"<p>Ta mozaik je debel 4 mm in je zelo trpe\u017een. \u0160irina in dol\u017eina mre\u017ee na katero je pripet ta mozaik sta 30,3&#215;30,3 cm. Mre\u017eo lahko enostavno polo\u017eite na razli\u010dne povr\u0161ine. Redna cena tega mozaika v maloprodaji zna\u0161a 234,38 EUR, v na\u0161i spletni trgovini pa ga lahko dobite \u017ee za 187,5 EUR. Prihaja iz \u0160panije, ki po svetu slovi kot ena bolj\u0161ih proizvajalk kerami\u010dnih plo\u0161\u010dic. Ta model mozaik plo\u0161\u010dic se najbolje prodaja v rumeni barvi.<\/p>\n<p>Kliknite na ime kolekcije za ogled vseh plo\u0161\u010dic iz te serije: <a class=\"pdfcatal\" href=\"\/\/www.ceramictiles.com\/pdf\/vidrepur\/catalogue_vidrepur_lux.pdf\" onclick=\"recordOutboundLink(this, 'E-mail', 'Description PDF');return false;\">Vidrepur Lux<\/a><\/p>\n<p>\u010ce \u017eelite naro\u010diti model iz pdf kataloga te kolekcije, nam pi\u0161ite na: <a href=\"mailto:keramoteka.salon@gmail.com\" onclick=\"recordOutboundLink(this, 'E-mail', 'Description mail');return false;\">keramoteka.salon@gmail.com<\/a> ali pa nas pokli\u010dite na: +386 31 255 900.<\/p>\n<p>Technical description: <\/p>\n<p>Min. 1 box &#8211; Delivery 30 Euro\/box in EU<\/p>\n","protected":false},"excerpt":{"rendered":"<p>Ta mozaik je debel 4 mm in je zelo trpe\u017een. \u0160irina in dol\u017eina mre\u017ee na katero je pripet ta mozaik sta 30,3&#215;30,3 cm. Mre\u017eo lahko enostavno polo\u017eite na razli\u010dne povr\u0161ine. Redna cena tega mozaika v maloprodaji zna\u0161a 234,38 EUR, v na\u0161i spletni trgovini pa ga lahko dobite \u017ee za 187,5 EUR. Prihaja iz \u0160panije, ki [&hellip;]<\/p>\n","protected":false},"featured_media":99325,"template":"","meta":[],"product_cat":[400,999,410,9991712],"product_tag":[],"_links":{"self":[{"href":"https:\/\/www.keramika.com\/slovenija\/wp-json\/wp\/v2\/product\/99324"}],"collection":[{"href":"https:\/\/www.keramika.com\/slovenija\/wp-json\/wp\/v2\/product"}],"about":[{"href":"https:\/\/www.keramika.com\/slovenija\/wp-json\/wp\/v2\/types\/product"}],"wp:featuredmedia":[{"embeddable":true,"href":"https:\/\/www.keramika.com\/slovenija\/wp-json\/wp\/v2\/media\/99325"}],"wp:attachment":[{"href":"https:\/\/www.keramika.com\/slovenija\/wp-json\/wp\/v2\/media?parent=99324"}],"wp:term":[{"taxonomy":"product_cat","embeddable":true,"href":"https:\/\/www.keramika.com\/slovenija\/wp-json\/wp\/v2\/product_cat?post=99324"},{"taxonomy":"product_tag","embeddable":true,"href":"https:\/\/www.keramika.com\/slovenija\/wp-json\/wp\/v2\/product_tag?post=99324"}],"curies":[{"name":"wp","href":"https:\/\/api.w.org\/{rel}","templated":true}]}}