{"id":99284,"date":"2017-03-22T22:17:16","date_gmt":"2017-03-22T22:17:16","guid":{"rendered":"http:\/\/keramika.holest.com\/slovenija\/product\/keramicne-ploscice-10x20-verde\/"},"modified":"2025-12-31T00:02:52","modified_gmt":"2025-12-31T00:02:52","slug":"keramicne-ploscice-10x20-verde","status":"publish","type":"product","link":"https:\/\/www.keramika.com\/slovenija\/keramicne-ploscice-10x20-verde\/","title":{"rendered":"Kerami\u010dne plo\u0161\u010dice 10&#215;20 verde"},"content":{"rendered":"<p>9 mm debeline je dovolj tudi za zahtevnej\u0161e kupce. 22,5 EUR v klasi\u010dni trgovini, pri nas pa le 18 EUR. Ta plo\u0161\u010dica prihaja iz \u0160panije, ki je znana po kvalitetni keramiki. Zelo moderna plo\u0161\u010dica v zeleni barvi popestri prav vsak prostor. Velikost te plo\u0161\u010dice je 10&#215;20 cm in je primerna za razli\u010dne povr\u0161ine.<\/p>\n<p>Technical description: Product ID: Verde<br \/><a class=\"pdfcatal\" href=\"\/\/www.keramika.com\/pdf\/e-ceramica\/catalogue_of_kitchen_tiles.pdf\"> Kitchen tiles catalogue  <\/a><\/p>\n","protected":false},"excerpt":{"rendered":"<p>9 mm debeline je dovolj tudi za zahtevnej\u0161e kupce. 22,5 EUR v klasi\u010dni trgovini, pri nas pa le 18 EUR. Ta plo\u0161\u010dica prihaja iz \u0160panije, ki je znana po kvalitetni keramiki. Zelo moderna plo\u0161\u010dica v zeleni barvi popestri prav vsak prostor. Velikost te plo\u0161\u010dice je 10&#215;20 cm in je primerna za razli\u010dne povr\u0161ine. Technical description: [&hellip;]<\/p>\n","protected":false},"featured_media":99285,"template":"","meta":[],"product_cat":[210,99921414,200,230,999,250],"product_tag":[],"_links":{"self":[{"href":"https:\/\/www.keramika.com\/slovenija\/wp-json\/wp\/v2\/product\/99284"}],"collection":[{"href":"https:\/\/www.keramika.com\/slovenija\/wp-json\/wp\/v2\/product"}],"about":[{"href":"https:\/\/www.keramika.com\/slovenija\/wp-json\/wp\/v2\/types\/product"}],"wp:featuredmedia":[{"embeddable":true,"href":"https:\/\/www.keramika.com\/slovenija\/wp-json\/wp\/v2\/media\/99285"}],"wp:attachment":[{"href":"https:\/\/www.keramika.com\/slovenija\/wp-json\/wp\/v2\/media?parent=99284"}],"wp:term":[{"taxonomy":"product_cat","embeddable":true,"href":"https:\/\/www.keramika.com\/slovenija\/wp-json\/wp\/v2\/product_cat?post=99284"},{"taxonomy":"product_tag","embeddable":true,"href":"https:\/\/www.keramika.com\/slovenija\/wp-json\/wp\/v2\/product_tag?post=99284"}],"curies":[{"name":"wp","href":"https:\/\/api.w.org\/{rel}","templated":true}]}}