{"id":99280,"date":"2017-03-22T22:17:14","date_gmt":"2017-03-22T22:17:14","guid":{"rendered":"http:\/\/keramika.holest.com\/slovenija\/product\/keramicne-ploscice-10x20-negro\/"},"modified":"2025-12-31T00:02:51","modified_gmt":"2025-12-31T00:02:51","slug":"keramicne-ploscice-10x20-negro","status":"publish","type":"product","link":"https:\/\/www.keramika.com\/slovenija\/keramicne-ploscice-10x20-negro\/","title":{"rendered":"Kerami\u010dne plo\u0161\u010dice 10&#215;20 negro"},"content":{"rendered":"<p>To plo\u0161\u010dico je izdelal proizvajalec e-Ceramica, ki prihaja iz \u0160panije. 9 mm debeline je dovolj tudi za zahtevnej\u0161e kupce. Ta plo\u0161\u010dica je na voljo v \u010dudoviti \u010drni barvi, \u010de \u017eelite kak\u0161no drugo barvo pa nas kontaktirajte in preverili bomo pri proizvajalcu. Na spletu boste za to plo\u0161\u010dico od\u0161teli le 18 EUR, medtem ko v redni prodaji cena zna\u0161a 22,5 EUR. Plo\u0161\u010dica na sliki je velika 10&#215;20 cm.<\/p>\n<p>Technical description: Product ID: Negro<br \/><a class=\"pdfcatal\" href=\"\/\/www.keramika.com\/pdf\/e-ceramica\/catalogue_of_kitchen_tiles.pdf\"> Kitchen tiles catalogue  <\/a><\/p>\n","protected":false},"excerpt":{"rendered":"<p>To plo\u0161\u010dico je izdelal proizvajalec e-Ceramica, ki prihaja iz \u0160panije. 9 mm debeline je dovolj tudi za zahtevnej\u0161e kupce. Ta plo\u0161\u010dica je na voljo v \u010dudoviti \u010drni barvi, \u010de \u017eelite kak\u0161no drugo barvo pa nas kontaktirajte in preverili bomo pri proizvajalcu. Na spletu boste za to plo\u0161\u010dico od\u0161teli le 18 EUR, medtem ko v redni [&hellip;]<\/p>\n","protected":false},"featured_media":99281,"template":"","meta":[],"product_cat":[210,99921414,200,230,999,250],"product_tag":[],"_links":{"self":[{"href":"https:\/\/www.keramika.com\/slovenija\/wp-json\/wp\/v2\/product\/99280"}],"collection":[{"href":"https:\/\/www.keramika.com\/slovenija\/wp-json\/wp\/v2\/product"}],"about":[{"href":"https:\/\/www.keramika.com\/slovenija\/wp-json\/wp\/v2\/types\/product"}],"wp:featuredmedia":[{"embeddable":true,"href":"https:\/\/www.keramika.com\/slovenija\/wp-json\/wp\/v2\/media\/99281"}],"wp:attachment":[{"href":"https:\/\/www.keramika.com\/slovenija\/wp-json\/wp\/v2\/media?parent=99280"}],"wp:term":[{"taxonomy":"product_cat","embeddable":true,"href":"https:\/\/www.keramika.com\/slovenija\/wp-json\/wp\/v2\/product_cat?post=99280"},{"taxonomy":"product_tag","embeddable":true,"href":"https:\/\/www.keramika.com\/slovenija\/wp-json\/wp\/v2\/product_tag?post=99280"}],"curies":[{"name":"wp","href":"https:\/\/api.w.org\/{rel}","templated":true}]}}