{"id":99276,"date":"2017-03-22T22:17:12","date_gmt":"2017-03-22T22:17:12","guid":{"rendered":"http:\/\/keramika.holest.com\/slovenija\/product\/keramicne-ploscice-10x20-malva\/"},"modified":"2025-12-31T00:02:51","modified_gmt":"2025-12-31T00:02:51","slug":"keramicne-ploscice-10x20-malva","status":"publish","type":"product","link":"https:\/\/www.keramika.com\/slovenija\/keramicne-ploscice-10x20-malva\/","title":{"rendered":"Kerami\u010dne plo\u0161\u010dice 10&#215;20 malva"},"content":{"rendered":"<p>Keramika v zeleni barvi popestri vsak prostor. To plo\u0161\u010dico je izdelal proizvajalec e-Ceramica, ki prihaja iz \u0160panije. Velikost te plo\u0161\u010dice je 10&#215;20 cm. Na spletu boste za to plo\u0161\u010dico od\u0161teli le 22 EUR, medtem ko v redni prodaji cena zna\u0161a 27,5 EUR. Ta plo\u0161\u010dica je debela 9 mm in je zelo trpe\u017ena.<\/p>\n<p>Technical description: Product ID: Malva<br \/><a class=\"pdfcatal\" href=\"\/\/www.keramika.com\/pdf\/e-ceramica\/catalogue_of_kitchen_tiles.pdf\"> Kitchen tiles catalogue  <\/a><\/p>\n","protected":false},"excerpt":{"rendered":"<p>Keramika v zeleni barvi popestri vsak prostor. To plo\u0161\u010dico je izdelal proizvajalec e-Ceramica, ki prihaja iz \u0160panije. Velikost te plo\u0161\u010dice je 10&#215;20 cm. Na spletu boste za to plo\u0161\u010dico od\u0161teli le 22 EUR, medtem ko v redni prodaji cena zna\u0161a 27,5 EUR. Ta plo\u0161\u010dica je debela 9 mm in je zelo trpe\u017ena. Technical description: Product [&hellip;]<\/p>\n","protected":false},"featured_media":99277,"template":"","meta":[],"product_cat":[210,99921414,200,230,999,250],"product_tag":[],"_links":{"self":[{"href":"https:\/\/www.keramika.com\/slovenija\/wp-json\/wp\/v2\/product\/99276"}],"collection":[{"href":"https:\/\/www.keramika.com\/slovenija\/wp-json\/wp\/v2\/product"}],"about":[{"href":"https:\/\/www.keramika.com\/slovenija\/wp-json\/wp\/v2\/types\/product"}],"wp:featuredmedia":[{"embeddable":true,"href":"https:\/\/www.keramika.com\/slovenija\/wp-json\/wp\/v2\/media\/99277"}],"wp:attachment":[{"href":"https:\/\/www.keramika.com\/slovenija\/wp-json\/wp\/v2\/media?parent=99276"}],"wp:term":[{"taxonomy":"product_cat","embeddable":true,"href":"https:\/\/www.keramika.com\/slovenija\/wp-json\/wp\/v2\/product_cat?post=99276"},{"taxonomy":"product_tag","embeddable":true,"href":"https:\/\/www.keramika.com\/slovenija\/wp-json\/wp\/v2\/product_tag?post=99276"}],"curies":[{"name":"wp","href":"https:\/\/api.w.org\/{rel}","templated":true}]}}