{"id":99274,"date":"2017-03-22T22:17:12","date_gmt":"2017-03-22T22:17:12","guid":{"rendered":"http:\/\/keramika.holest.com\/slovenija\/product\/keramicne-ploscice-10x20-ivory\/"},"modified":"2025-12-31T00:02:50","modified_gmt":"2025-12-31T00:02:50","slug":"keramicne-ploscice-10x20-ivory","status":"publish","type":"product","link":"https:\/\/www.keramika.com\/slovenija\/keramicne-ploscice-10x20-ivory\/","title":{"rendered":"Kerami\u010dne plo\u0161\u010dice 10&#215;20 ivory"},"content":{"rendered":"<p>Biselado ivory je na voljo po zelo ugodni ceni 18 EUR. Dimenzije te plo\u0161\u010dice so 10&#215;20 cm. Biselado ivory je plo\u0161\u010dica proizvajalca e-Ceramica in prihaja iz \u0160panije. Zelo moderna plo\u0161\u010dica v be\u017e barvi popestri prav vsak prostor. 9 mm debeline je dovolj tudi za zahtevnej\u0161e kupce.<\/p>\n<p>Technical description: Product ID: Ivory<br \/><a class=\"pdfcatal\" href=\"\/\/www.keramika.com\/pdf\/e-ceramica\/catalogue_of_kitchen_tiles.pdf\"> Kitchen tiles catalogue  <\/a><\/p>\n","protected":false},"excerpt":{"rendered":"<p>Biselado ivory je na voljo po zelo ugodni ceni 18 EUR. Dimenzije te plo\u0161\u010dice so 10&#215;20 cm. Biselado ivory je plo\u0161\u010dica proizvajalca e-Ceramica in prihaja iz \u0160panije. Zelo moderna plo\u0161\u010dica v be\u017e barvi popestri prav vsak prostor. 9 mm debeline je dovolj tudi za zahtevnej\u0161e kupce. Technical description: Product ID: Ivory Kitchen tiles catalogue<\/p>\n","protected":false},"featured_media":99275,"template":"","meta":[],"product_cat":[210,99921414,200,230,999,250],"product_tag":[],"_links":{"self":[{"href":"https:\/\/www.keramika.com\/slovenija\/wp-json\/wp\/v2\/product\/99274"}],"collection":[{"href":"https:\/\/www.keramika.com\/slovenija\/wp-json\/wp\/v2\/product"}],"about":[{"href":"https:\/\/www.keramika.com\/slovenija\/wp-json\/wp\/v2\/types\/product"}],"wp:featuredmedia":[{"embeddable":true,"href":"https:\/\/www.keramika.com\/slovenija\/wp-json\/wp\/v2\/media\/99275"}],"wp:attachment":[{"href":"https:\/\/www.keramika.com\/slovenija\/wp-json\/wp\/v2\/media?parent=99274"}],"wp:term":[{"taxonomy":"product_cat","embeddable":true,"href":"https:\/\/www.keramika.com\/slovenija\/wp-json\/wp\/v2\/product_cat?post=99274"},{"taxonomy":"product_tag","embeddable":true,"href":"https:\/\/www.keramika.com\/slovenija\/wp-json\/wp\/v2\/product_tag?post=99274"}],"curies":[{"name":"wp","href":"https:\/\/api.w.org\/{rel}","templated":true}]}}