{"id":99270,"date":"2017-03-22T22:17:10","date_gmt":"2017-03-22T22:17:10","guid":{"rendered":"http:\/\/keramika.holest.com\/slovenija\/product\/keramicne-ploscice-10x20-azul\/"},"modified":"2025-12-31T00:02:50","modified_gmt":"2025-12-31T00:02:50","slug":"keramicne-ploscice-10x20-azul","status":"publish","type":"product","link":"https:\/\/www.keramika.com\/slovenija\/keramicne-ploscice-10x20-azul\/","title":{"rendered":"Kerami\u010dne plo\u0161\u010dice 10&#215;20 azul"},"content":{"rendered":"<p>Biselado azul je plo\u0161\u010dica proizvajalca e-Ceramica in prihaja iz \u0160panije. Namesto 22,5 EUR kot bi za to plo\u0161\u010dico od\u0161teli v klasi\u010dni trgovini, boste v na\u0161i spletni prodajalni od\u0161teli le 18 EUR. Letos so plo\u0161\u010dice v modri barvi zelo za\u017eeljene. Velikost te plo\u0161\u010dice je 10&#215;20 cm. Plo\u0161\u010dica je debela kar 9 mm, kar jo uvr\u0161\u010da med bolj trde plo\u0161\u010dice.<\/p>\n<p>Technical description: Product ID: Azul <br \/><a class=\"pdfcatal\" href=\"\/\/www.keramika.com\/pdf\/e-ceramica\/catalogue_of_kitchen_tiles.pdf\"> Kitchen tiles catalogue  <\/a><\/p>\n","protected":false},"excerpt":{"rendered":"<p>Biselado azul je plo\u0161\u010dica proizvajalca e-Ceramica in prihaja iz \u0160panije. Namesto 22,5 EUR kot bi za to plo\u0161\u010dico od\u0161teli v klasi\u010dni trgovini, boste v na\u0161i spletni prodajalni od\u0161teli le 18 EUR. Letos so plo\u0161\u010dice v modri barvi zelo za\u017eeljene. Velikost te plo\u0161\u010dice je 10&#215;20 cm. Plo\u0161\u010dica je debela kar 9 mm, kar jo uvr\u0161\u010da med [&hellip;]<\/p>\n","protected":false},"featured_media":99271,"template":"","meta":[],"product_cat":[210,99921414,200,230,999,250],"product_tag":[],"_links":{"self":[{"href":"https:\/\/www.keramika.com\/slovenija\/wp-json\/wp\/v2\/product\/99270"}],"collection":[{"href":"https:\/\/www.keramika.com\/slovenija\/wp-json\/wp\/v2\/product"}],"about":[{"href":"https:\/\/www.keramika.com\/slovenija\/wp-json\/wp\/v2\/types\/product"}],"wp:featuredmedia":[{"embeddable":true,"href":"https:\/\/www.keramika.com\/slovenija\/wp-json\/wp\/v2\/media\/99271"}],"wp:attachment":[{"href":"https:\/\/www.keramika.com\/slovenija\/wp-json\/wp\/v2\/media?parent=99270"}],"wp:term":[{"taxonomy":"product_cat","embeddable":true,"href":"https:\/\/www.keramika.com\/slovenija\/wp-json\/wp\/v2\/product_cat?post=99270"},{"taxonomy":"product_tag","embeddable":true,"href":"https:\/\/www.keramika.com\/slovenija\/wp-json\/wp\/v2\/product_tag?post=99270"}],"curies":[{"name":"wp","href":"https:\/\/api.w.org\/{rel}","templated":true}]}}