{"id":99256,"date":"2017-03-22T22:17:00","date_gmt":"2017-03-22T22:17:00","guid":{"rendered":"http:\/\/keramika.holest.com\/slovenija\/product\/mozaik-ploscice-za-kopalnico-emigres-sagunto-gris\/"},"modified":"2025-12-31T00:02:48","modified_gmt":"2025-12-31T00:02:48","slug":"mozaik-ploscice-za-kopalnico-emigres-sagunto-gris","status":"publish","type":"product","link":"https:\/\/www.keramika.com\/slovenija\/mozaik-ploscice-za-kopalnico-emigres-sagunto-gris\/","title":{"rendered":"Mozaik plo\u0161\u010dice za kopalnico Emigres Sagunto gris"},"content":{"rendered":"<p>To plo\u0161\u010dico je izdelal proizvajalec Emigres, ki prihaja iz \u0160panije. Plo\u0161\u010dica na sliki je velika 20&#215;60 cm. Ta plo\u0161\u010dica je debela 9 mm in je zelo trpe\u017ena. Ta kerami\u010dna plo\u0161\u010dica v \u010dudoviti sivi barvi bo obogatila vsak prostor. Emigres Sagunto gris je na voljo po zelo ugodni ceni 19,6 EUR.<\/p>\n<p>Kliknite na ime kolekcije za ogled vseh plo\u0161\u010dic iz te serije: <a class=\"pdfcatal\" href=\"\/\/www.ceramictiles.com\/pdf\/emigres\/catalogue_emigres_sagunto_gris.pdf\" onclick=\"recordOutboundLink(this, 'E-mail', 'Description PDF');return false;\">Emigres Sagunto<\/a><\/p>\n<p>\u010ce \u017eelite naro\u010diti model iz pdf kataloga te kolekcije, nam pi\u0161ite na: <a href=\"mailto:keramoteka.salon@gmail.com\" onclick=\"recordOutboundLink(this, 'E-mail', 'Description mail');return false;\">keramoteka.salon@gmail.com<\/a> ali pa nas pokli\u010dite na: 031 255 900.<\/p>\n<p>Technical description: <br \/> W 20&#215;60 <br \/>Sagunto Blanco ; Sagunto Beige ; Sagunto Gris ; Sagunto Marr\u00f3n ; Sagunto Azul ;<\/p>\n","protected":false},"excerpt":{"rendered":"<p>To plo\u0161\u010dico je izdelal proizvajalec Emigres, ki prihaja iz \u0160panije. Plo\u0161\u010dica na sliki je velika 20&#215;60 cm. Ta plo\u0161\u010dica je debela 9 mm in je zelo trpe\u017ena. Ta kerami\u010dna plo\u0161\u010dica v \u010dudoviti sivi barvi bo obogatila vsak prostor. Emigres Sagunto gris je na voljo po zelo ugodni ceni 19,6 EUR. Kliknite na ime kolekcije za [&hellip;]<\/p>\n","protected":false},"featured_media":99257,"template":"","meta":[],"product_cat":[210,9991089,200,220,999,250],"product_tag":[],"_links":{"self":[{"href":"https:\/\/www.keramika.com\/slovenija\/wp-json\/wp\/v2\/product\/99256"}],"collection":[{"href":"https:\/\/www.keramika.com\/slovenija\/wp-json\/wp\/v2\/product"}],"about":[{"href":"https:\/\/www.keramika.com\/slovenija\/wp-json\/wp\/v2\/types\/product"}],"wp:featuredmedia":[{"embeddable":true,"href":"https:\/\/www.keramika.com\/slovenija\/wp-json\/wp\/v2\/media\/99257"}],"wp:attachment":[{"href":"https:\/\/www.keramika.com\/slovenija\/wp-json\/wp\/v2\/media?parent=99256"}],"wp:term":[{"taxonomy":"product_cat","embeddable":true,"href":"https:\/\/www.keramika.com\/slovenija\/wp-json\/wp\/v2\/product_cat?post=99256"},{"taxonomy":"product_tag","embeddable":true,"href":"https:\/\/www.keramika.com\/slovenija\/wp-json\/wp\/v2\/product_tag?post=99256"}],"curies":[{"name":"wp","href":"https:\/\/api.w.org\/{rel}","templated":true}]}}